{"id":114530,"date":"2025-08-01T11:54:36","date_gmt":"2025-08-01T11:54:36","guid":{"rendered":"https:\/\/pagestreet.com\/?page_id=114530"},"modified":"2025-08-01T11:54:36","modified_gmt":"2025-08-01T11:54:36","slug":"conseil-en-financement-paris","status":"publish","type":"page","link":"https:\/\/pagestreet.com\/fr\/conseil-en-financement-paris\/","title":{"rendered":"Conseil en financement \u00e0 Paris : Votre guide complet des solutions de financement"},"content":{"rendered":"<div class=\"wpb-content-wrapper\"><p>[vc_row row_height_percent=\u00a0\u00bb0&Prime; override_padding=\u00a0\u00bbyes\u00a0\u00bb h_padding=\u00a0\u00bb2&Prime; top_padding=\u00a0\u00bb5&Prime; bottom_padding=\u00a0\u00bb5&Prime; back_color=\u00a0\u00bbcolor-jevc\u00a0\u00bb back_image=\u00a0\u00bb108833&Prime; back_repeat=\u00a0\u00bbno-repeat\u00a0\u00bb back_attachment=\u00a0\u00bbscroll\u00a0\u00bb back_position=\u00a0\u00bbcenter top\u00a0\u00bb kburns=\u00a0\u00bbzoom\u00a0\u00bb overlay_alpha=\u00a0\u00bb0&Prime; gutter_size=\u00a0\u00bb4&Prime; column_width_percent=\u00a0\u00bb100&Prime; shift_y=\u00a0\u00bb0&Prime; z_index=\u00a0\u00bb0&Prime; top_divider=\u00a0\u00bbtilt\u00a0\u00bb bottom_divider=\u00a0\u00bbtilt\u00a0\u00bb uncode_shortcode_id=\u00a0\u00bb810559&Prime; back_color_type=\u00a0\u00bbuncode-palette\u00a0\u00bb][vc_column column_width_percent=\u00a0\u00bb100&Prime; position_vertical=\u00a0\u00bbmiddle\u00a0\u00bb gutter_size=\u00a0\u00bb3&Prime; style=\u00a0\u00bbdark\u00a0\u00bb overlay_alpha=\u00a0\u00bb50&Prime; shift_x=\u00a0\u00bb0&Prime; shift_y=\u00a0\u00bb0&Prime; shift_y_down=\u00a0\u00bb0&Prime; z_index=\u00a0\u00bb0&Prime; medium_width=\u00a0\u00bb4&Prime; mobile_width=\u00a0\u00bb0&Prime; width=\u00a0\u00bb7\/12&Prime; uncode_shortcode_id=\u00a0\u00bb170626&Prime;][vc_custom_heading heading_semantic=\u00a0\u00bbh1&Prime; text_size=\u00a0\u00bbh1&Prime; css_animation=\u00a0\u00bbright-t-left\u00a0\u00bb uncode_shortcode_id=\u00a0\u00bb104462&Prime;]<\/p>\n<h1><b>Conseil en financement \u00e0 Paris : Votre guide complet des solutions de financement<\/b><\/h1>\n<p>[\/vc_custom_heading][vc_column_text css_animation=\u00a0\u00bbright-t-left\u00a0\u00bb animation_delay=\u00a0\u00bb100&Prime; uncode_shortcode_id=\u00a0\u00bb356393&Prime;]Paris, capitale \u00e9conomique de la France, offre une multitude d&rsquo;opportunit\u00e9s de financement pour les entreprises de toutes tailles. Que vous soyez une startup ambitieuse ou une PME \u00e9tablie, comprendre les m\u00e9canismes du conseil en financement Paris peut concr\u00e9tiser votre projet<\/p>\n<p>Ce guide vous d\u00e9voile les strat\u00e9gies, les programmes disponibles et les meilleures pratiques pour optimiser votre recherche de financement dans la capitale fran\u00e7aise.[\/vc_column_text][\/vc_column][vc_column column_width_percent=\u00a0\u00bb100&Prime; position_vertical=\u00a0\u00bbmiddle\u00a0\u00bb gutter_size=\u00a0\u00bb3&Prime; back_color=\u00a0\u00bbcolor-xsdn\u00a0\u00bb overlay_alpha=\u00a0\u00bb50&Prime; shadow=\u00a0\u00bblg\u00a0\u00bb shift_x=\u00a0\u00bb0&Prime; shift_y=\u00a0\u00bb0&Prime; shift_y_down=\u00a0\u00bb0&Prime; z_index=\u00a0\u00bb0&Prime; medium_width=\u00a0\u00bb4&Prime; mobile_width=\u00a0\u00bb0&Prime; css_animation=\u00a0\u00bbalpha-anim\u00a0\u00bb animation_delay=\u00a0\u00bb200&Prime; width=\u00a0\u00bb5\/12&Prime; uncode_shortcode_id=\u00a0\u00bb248303&Prime; back_color_type=\u00a0\u00bbuncode-palette\u00a0\u00bb][vc_row_inner limit_content=\u00a0\u00bb\u00a0\u00bb][vc_column_inner column_width_percent=\u00a0\u00bb100&Prime; position_vertical=\u00a0\u00bbmiddle\u00a0\u00bb gutter_size=\u00a0\u00bb3&Prime; overlay_alpha=\u00a0\u00bb50&Prime; shift_x=\u00a0\u00bb0&Prime; shift_y=\u00a0\u00bb0&Prime; shift_y_down=\u00a0\u00bb0&Prime; z_index=\u00a0\u00bb0&Prime; medium_width=\u00a0\u00bb2&Prime; align_mobile=\u00a0\u00bbalign_center_mobile\u00a0\u00bb mobile_width=\u00a0\u00bb0&Prime; width=\u00a0\u00bb1\/6&Prime; uncode_shortcode_id=\u00a0\u00bb112880&Prime;][vc_icon icon=\u00a0\u00bbfa fa-history2&Prime; icon_color=\u00a0\u00bbaccent\u00a0\u00bb size=\u00a0\u00bbfa-2x\u00a0\u00bb uncode_shortcode_id=\u00a0\u00bb417372&Prime; icon_color_type=\u00a0\u00bbuncode-palette\u00a0\u00bb][\/vc_icon][\/vc_column_inner][vc_column_inner column_width_percent=\u00a0\u00bb100&Prime; position_vertical=\u00a0\u00bbmiddle\u00a0\u00bb gutter_size=\u00a0\u00bb3&Prime; overlay_alpha=\u00a0\u00bb50&Prime; shift_x=\u00a0\u00bb0&Prime; shift_y=\u00a0\u00bb0&Prime; shift_y_down=\u00a0\u00bb0&Prime; z_index=\u00a0\u00bb0&Prime; medium_width=\u00a0\u00bb6&Prime; align_mobile=\u00a0\u00bbalign_center_mobile\u00a0\u00bb mobile_width=\u00a0\u00bb0&Prime; width=\u00a0\u00bb5\/6&Prime; uncode_shortcode_id=\u00a0\u00bb132864&Prime;][vc_custom_heading heading_semantic=\u00a0\u00bbp\u00a0\u00bb text_size=\u00a0\u00bbh3&Prime; text_weight=\u00a0\u00bb400&Prime; uncode_shortcode_id=\u00a0\u00bb154980&Prime;]12 ans d&rsquo;exp\u00e9rience[\/vc_custom_heading][\/vc_column_inner][\/vc_row_inner][vc_row_inner limit_content=\u00a0\u00bb\u00a0\u00bb][vc_column_inner column_width_percent=\u00a0\u00bb100&Prime; position_vertical=\u00a0\u00bbmiddle\u00a0\u00bb gutter_size=\u00a0\u00bb3&Prime; overlay_alpha=\u00a0\u00bb50&Prime; shift_x=\u00a0\u00bb0&Prime; shift_y=\u00a0\u00bb0&Prime; shift_y_down=\u00a0\u00bb0&Prime; z_index=\u00a0\u00bb0&Prime; medium_width=\u00a0\u00bb2&Prime; align_mobile=\u00a0\u00bbalign_center_mobile\u00a0\u00bb mobile_width=\u00a0\u00bb0&Prime; width=\u00a0\u00bb1\/6&Prime; uncode_shortcode_id=\u00a0\u00bb154928&Prime;][vc_icon icon=\u00a0\u00bbfa fa-users2&Prime; icon_color=\u00a0\u00bbaccent\u00a0\u00bb size=\u00a0\u00bbfa-2x\u00a0\u00bb uncode_shortcode_id=\u00a0\u00bb517745&Prime; icon_color_type=\u00a0\u00bbuncode-palette\u00a0\u00bb][\/vc_icon][\/vc_column_inner][vc_column_inner column_width_percent=\u00a0\u00bb100&Prime; position_vertical=\u00a0\u00bbmiddle\u00a0\u00bb gutter_size=\u00a0\u00bb3&Prime; overlay_alpha=\u00a0\u00bb50&Prime; shift_x=\u00a0\u00bb0&Prime; shift_y=\u00a0\u00bb0&Prime; shift_y_down=\u00a0\u00bb0&Prime; z_index=\u00a0\u00bb0&Prime; medium_width=\u00a0\u00bb6&Prime; align_mobile=\u00a0\u00bbalign_center_mobile\u00a0\u00bb mobile_width=\u00a0\u00bb0&Prime; width=\u00a0\u00bb5\/6&Prime; uncode_shortcode_id=\u00a0\u00bb830866&Prime;][vc_custom_heading heading_semantic=\u00a0\u00bbp\u00a0\u00bb text_size=\u00a0\u00bbh3&Prime; text_weight=\u00a0\u00bb400&Prime; uncode_shortcode_id=\u00a0\u00bb133990&Prime;]3000 clients professionnels[\/vc_custom_heading][\/vc_column_inner][\/vc_row_inner][vc_row_inner limit_content=\u00a0\u00bb\u00a0\u00bb][vc_column_inner column_width_percent=\u00a0\u00bb100&Prime; position_vertical=\u00a0\u00bbmiddle\u00a0\u00bb gutter_size=\u00a0\u00bb3&Prime; overlay_alpha=\u00a0\u00bb50&Prime; shift_x=\u00a0\u00bb0&Prime; shift_y=\u00a0\u00bb0&Prime; shift_y_down=\u00a0\u00bb0&Prime; z_index=\u00a0\u00bb0&Prime; medium_width=\u00a0\u00bb2&Prime; align_mobile=\u00a0\u00bbalign_center_mobile\u00a0\u00bb mobile_width=\u00a0\u00bb0&Prime; width=\u00a0\u00bb1\/6&Prime; uncode_shortcode_id=\u00a0\u00bb682645&Prime;][vc_icon icon=\u00a0\u00bbfa fa-thumbs-up3&Prime; icon_color=\u00a0\u00bbaccent\u00a0\u00bb size=\u00a0\u00bbfa-2x\u00a0\u00bb uncode_shortcode_id=\u00a0\u00bb497802&Prime; icon_color_type=\u00a0\u00bbuncode-palette\u00a0\u00bb][\/vc_icon][\/vc_column_inner][vc_column_inner column_width_percent=\u00a0\u00bb100&Prime; position_vertical=\u00a0\u00bbmiddle\u00a0\u00bb gutter_size=\u00a0\u00bb3&Prime; overlay_alpha=\u00a0\u00bb50&Prime; shift_x=\u00a0\u00bb0&Prime; shift_y=\u00a0\u00bb0&Prime; shift_y_down=\u00a0\u00bb0&Prime; z_index=\u00a0\u00bb0&Prime; medium_width=\u00a0\u00bb6&Prime; align_mobile=\u00a0\u00bbalign_center_mobile\u00a0\u00bb mobile_width=\u00a0\u00bb0&Prime; width=\u00a0\u00bb5\/6&Prime; uncode_shortcode_id=\u00a0\u00bb204969&Prime;][vc_custom_heading heading_semantic=\u00a0\u00bbp\u00a0\u00bb text_size=\u00a0\u00bbh3&Prime; text_weight=\u00a0\u00bb400&Prime; uncode_shortcode_id=\u00a0\u00bb172208&Prime;]Travail d&rsquo;\u00e9quipe &amp; confiance[\/vc_custom_heading][\/vc_column_inner][\/vc_row_inner][vc_separator sep_color=\u00a0\u00bb,Default\u00a0\u00bb][vc_row_inner row_inner_height_percent=\u00a0\u00bb0&Prime; overlay_alpha=\u00a0\u00bb50&Prime; gutter_size=\u00a0\u00bb2&Prime; shift_y=\u00a0\u00bb0&Prime; z_index=\u00a0\u00bb0&Prime; limit_content=\u00a0\u00bb\u00a0\u00bb uncode_shortcode_id=\u00a0\u00bb229398&Prime;][vc_column_inner column_width_percent=\u00a0\u00bb100&Prime; position_vertical=\u00a0\u00bbmiddle\u00a0\u00bb gutter_size=\u00a0\u00bb3&Prime; overlay_alpha=\u00a0\u00bb50&Prime; shift_x=\u00a0\u00bb0&Prime; shift_y=\u00a0\u00bb0&Prime; shift_y_down=\u00a0\u00bb0&Prime; z_index=\u00a0\u00bb0&Prime; medium_width=\u00a0\u00bb0&Prime; align_mobile=\u00a0\u00bbalign_center_mobile\u00a0\u00bb mobile_width=\u00a0\u00bb0&Prime; width=\u00a0\u00bb4\/12&Prime; uncode_shortcode_id=\u00a0\u00bb116693&Prime;][vc_column_text text_lead=\u00a0\u00bbsmall\u00a0\u00bb uncode_shortcode_id=\u00a0\u00bb165341&Prime;]<strong>CONNU DE<\/strong>[\/vc_column_text][\/vc_column_inner][vc_column_inner column_width_percent=\u00a0\u00bb100&Prime; position_vertical=\u00a0\u00bbmiddle\u00a0\u00bb gutter_size=\u00a0\u00bb3&Prime; overlay_alpha=\u00a0\u00bb50&Prime; shift_x=\u00a0\u00bb0&Prime; shift_y=\u00a0\u00bb0&Prime; shift_y_down=\u00a0\u00bb0&Prime; z_index=\u00a0\u00bb0&Prime; medium_width=\u00a0\u00bb0&Prime; mobile_width=\u00a0\u00bb0&Prime; width=\u00a0\u00bb8\/12&Prime; uncode_shortcode_id=\u00a0\u00bb130952&Prime;][vc_single_image media=\u00a0\u00bb104605&Prime; media_width_percent=\u00a0\u00bb100&Prime; alignment=\u00a0\u00bbcenter\u00a0\u00bb uncode_shortcode_id=\u00a0\u00bb118645&Prime;][\/vc_column_inner][\/vc_row_inner][vc_single_image media=\u00a0\u00bb108838&Prime; media_width_use_pixel=\u00a0\u00bbyes\u00a0\u00bb uncode_shortcode_id=\u00a0\u00bb104014&Prime; media_width_pixel=\u00a0\u00bb104&Prime; el_class=\u00a0\u00bbgrid-top-left\u00a0\u00bb][\/vc_column][\/vc_row][vc_row row_height_percent=\u00a0\u00bb0&Prime; override_padding=\u00a0\u00bbyes\u00a0\u00bb h_padding=\u00a0\u00bb2&Prime; top_padding=\u00a0\u00bb5&Prime; bottom_padding=\u00a0\u00bb5&Prime; overlay_alpha=\u00a0\u00bb50&Prime; gutter_size=\u00a0\u00bb3&Prime; column_width_percent=\u00a0\u00bb100&Prime; shift_y=\u00a0\u00bb0&Prime; z_index=\u00a0\u00bb0&Prime; uncode_shortcode_id=\u00a0\u00bb154538&Prime;][vc_column column_width_percent=\u00a0\u00bb100&Prime; align_horizontal=\u00a0\u00bbalign_center\u00a0\u00bb gutter_size=\u00a0\u00bb3&Prime; overlay_alpha=\u00a0\u00bb50&Prime; shift_x=\u00a0\u00bb0&Prime; shift_y=\u00a0\u00bb0&Prime; shift_y_down=\u00a0\u00bb0&Prime; z_index=\u00a0\u00bb0&Prime; medium_width=\u00a0\u00bb0&Prime; mobile_width=\u00a0\u00bb0&Prime; width=\u00a0\u00bb1\/1&Prime; uncode_shortcode_id=\u00a0\u00bb414692&Prime;][vc_row_inner row_inner_height_percent=\u00a0\u00bb0&Prime; overlay_alpha=\u00a0\u00bb50&Prime; gutter_size=\u00a0\u00bb3&Prime; shift_y=\u00a0\u00bb0&Prime; z_index=\u00a0\u00bb0&Prime; limit_content=\u00a0\u00bb\u00a0\u00bb uncode_shortcode_id=\u00a0\u00bb170438&Prime;][vc_column_inner column_width_percent=\u00a0\u00bb100&Prime; gutter_size=\u00a0\u00bb3&Prime; overlay_alpha=\u00a0\u00bb50&Prime; shift_x=\u00a0\u00bb0&Prime; shift_y=\u00a0\u00bb0&Prime; shift_y_down=\u00a0\u00bb0&Prime; z_index=\u00a0\u00bb0&Prime; align_medium=\u00a0\u00bbalign_left_tablet\u00a0\u00bb medium_width=\u00a0\u00bb0&Prime; align_mobile=\u00a0\u00bbalign_left_mobile\u00a0\u00bb mobile_width=\u00a0\u00bb0&Prime; width=\u00a0\u00bb3\/4&Prime; uncode_shortcode_id=\u00a0\u00bb172892&Prime;][vc_custom_heading uncode_shortcode_id=\u00a0\u00bb976050&Prime;]<b>Pourquoi faire appel \u00e0 un conseil en financement Paris ?<\/b>[\/vc_custom_heading][vc_column_text uncode_shortcode_id=\u00a0\u00bb331073&Prime;]<strong>L&rsquo;\u00e9cosyst\u00e8me financier parisien<\/strong><\/p>\n<p>Paris concentre les si\u00e8ges sociaux des principales banques fran\u00e7aises et europ\u00e9ennes. Cette densit\u00e9 financi\u00e8re cr\u00e9e un environnement complexe o\u00f9 les opportunit\u00e9s abondent, mais o\u00f9 la navigation n\u00e9cessite une expertise sp\u00e9cialis\u00e9e.<\/p>\n<p>Les conseillers en financement parisiens ma\u00eetrisent les sp\u00e9cificit\u00e9s locales :<\/p>\n<ul>\n<li>Relations privil\u00e9gi\u00e9es avec les \u00e9tablissements bancaires<\/li>\n<li>Connaissance approfondie des dispositifs r\u00e9gionaux<\/li>\n<li>Expertise des secteurs d&rsquo;activit\u00e9 dominants en \u00cele-de-France<\/li>\n<\/ul>\n<p>[\/vc_column_text][\/vc_column_inner][\/vc_row_inner][vc_separator sep_color=\u00a0\u00bb,Default\u00a0\u00bb][vc_row_inner row_inner_height_percent=\u00a0\u00bb0&Prime; overlay_alpha=\u00a0\u00bb50&Prime; gutter_size=\u00a0\u00bb3&Prime; shift_y=\u00a0\u00bb0&Prime; z_index=\u00a0\u00bb0&Prime; limit_content=\u00a0\u00bb\u00a0\u00bb uncode_shortcode_id=\u00a0\u00bb155222&Prime;][vc_column_inner column_width_percent=\u00a0\u00bb100&Prime; gutter_size=\u00a0\u00bb3&Prime; overlay_alpha=\u00a0\u00bb50&Prime; shift_x=\u00a0\u00bb0&Prime; shift_y=\u00a0\u00bb0&Prime; shift_y_down=\u00a0\u00bb0&Prime; z_index=\u00a0\u00bb0&Prime; medium_width=\u00a0\u00bb0&Prime; mobile_width=\u00a0\u00bb0&Prime; width=\u00a0\u00bb3\/4&Prime; uncode_shortcode_id=\u00a0\u00bb949540&Prime;][vc_custom_heading text_size=\u00a0\u00bb\u00a0\u00bb uncode_shortcode_id=\u00a0\u00bb794460&Prime;]<\/p>\n<h2>Les types de financement disponibles \u00e0 Paris<\/h2>\n<p>[\/vc_custom_heading][vc_column_text uncode_shortcode_id=\u00a0\u00bb792191&Prime;]<strong>Financement bancaire traditionnel<\/strong><\/p>\n<p>Les pr\u00eats bancaires restent la pierre angulaire du financement des entreprises parisiennes. Les conditions des pr\u00eats bancaires d\u00e9pendent notamment de plusieurs facteurs :<\/p>\n<ul>\n<li>La dur\u00e9e du pr\u00eat (de 2 \u00e0 25 ans)<\/li>\n<li>Le profil de l&#8217;emprunteur<\/li>\n<li>La nature du projet<\/li>\n<li>Les garanties propos\u00e9es<\/li>\n<\/ul>\n<p><strong>Financement participatif et crowdfunding<\/strong><\/p>\n<p>Paris h\u00e9berge plusieurs plateformes de financement participatif sp\u00e9cialis\u00e9es dans le financement d&rsquo;entreprises. Ces solutions conviennent particuli\u00e8rement aux projets innovants et aux startups.<\/p>\n<p><strong>Investisseurs priv\u00e9s et business angels<\/strong><\/p>\n<p>L&rsquo;\u00e9cosyst\u00e8me startup parisien attire de nombreux investisseurs priv\u00e9s. Les business angels parisiens investissent g\u00e9n\u00e9ralement entre 20 000 et 200 000 euros par projet.<\/p>\n<p><strong>Fonds d&rsquo;investissement<\/strong><\/p>\n<p>La r\u00e9gion parisienne concentre plus de 60% des fonds d&rsquo;investissement fran\u00e7ais. Ces acteurs financent des projets de d\u00e9veloppement, d&rsquo;innovation et d&rsquo;expansion internationale.[\/vc_column_text][\/vc_column_inner][\/vc_row_inner][vc_separator sep_color=\u00a0\u00bb,Default\u00a0\u00bb][vc_row_inner row_inner_height_percent=\u00a0\u00bb0&Prime; overlay_alpha=\u00a0\u00bb50&Prime; gutter_size=\u00a0\u00bb3&Prime; shift_y=\u00a0\u00bb0&Prime; z_index=\u00a0\u00bb0&Prime; limit_content=\u00a0\u00bb\u00a0\u00bb uncode_shortcode_id=\u00a0\u00bb155222&Prime;][vc_column_inner column_width_percent=\u00a0\u00bb100&Prime; gutter_size=\u00a0\u00bb3&Prime; overlay_alpha=\u00a0\u00bb50&Prime; shift_x=\u00a0\u00bb0&Prime; shift_y=\u00a0\u00bb0&Prime; shift_y_down=\u00a0\u00bb0&Prime; z_index=\u00a0\u00bb0&Prime; medium_width=\u00a0\u00bb0&Prime; mobile_width=\u00a0\u00bb0&Prime; width=\u00a0\u00bb3\/4&Prime; uncode_shortcode_id=\u00a0\u00bb140956&Prime;][vc_custom_heading text_size=\u00a0\u00bb\u00a0\u00bb uncode_shortcode_id=\u00a0\u00bb618144&Prime;]<\/p>\n<h2>Les programmes de financement sp\u00e9cifiques \u00e0 Paris<\/h2>\n<p>[\/vc_custom_heading][vc_column_text uncode_shortcode_id=\u00a0\u00bb515483&Prime;]<strong>Dispositifs r\u00e9gionaux \u00cele-de-France<\/strong><\/p>\n<p>La r\u00e9gion \u00cele-de-France propose plusieurs programmes de soutien aux entreprises :<\/p>\n<p><strong>Aide \u00e0 la cr\u00e9ation d&rsquo;entreprise<\/strong><\/p>\n<ul>\n<li>Subventions jusqu&rsquo;\u00e0 50 000 euros<\/li>\n<li>Accompagnement personnalis\u00e9<\/li>\n<li>Conditions pr\u00e9f\u00e9rentielles pour les jeunes entrepreneurs<\/li>\n<\/ul>\n<p><strong>Soutien \u00e0 l&rsquo;innovation<\/strong><\/p>\n<ul>\n<li>Financement de projets R&amp;D<\/li>\n<li>Aides \u00e0 la propri\u00e9t\u00e9 intellectuelle<\/li>\n<li>Partenariats avec les universit\u00e9s parisiennes<\/li>\n<\/ul>\n<p><strong>D\u00e9veloppement international<\/strong><\/p>\n<ul>\n<li>Aide \u00e0 l&rsquo;export<\/li>\n<li>Missions commerciales<\/li>\n<li>Soutien aux implantations \u00e9trang\u00e8res<\/li>\n<\/ul>\n<p><strong>Dispositifs municipaux parisiens<\/strong><\/p>\n<p>La Ville de Paris d\u00e9veloppe des programmes sp\u00e9cifiques :<\/p>\n<p><strong>Paris Pr\u00eat d&rsquo;honneur<\/strong><\/p>\n<ul>\n<li>Pr\u00eats \u00e0 taux z\u00e9ro<\/li>\n<li>Montants de 3 000 \u00e0 50 000 euros<\/li>\n<li>Pas de garantie personnelle requise<\/li>\n<\/ul>\n<p><strong>Incubateurs municipaux<\/strong><\/p>\n<ul>\n<li>H\u00e9bergement \u00e0 tarif pr\u00e9f\u00e9rentiel<\/li>\n<li>Accompagnement m\u00e9thodologique<\/li>\n<li>Acc\u00e8s au r\u00e9seau d&rsquo;entrepreneurs parisiens<\/li>\n<\/ul>\n<p>[\/vc_column_text][\/vc_column_inner][\/vc_row_inner][vc_separator sep_color=\u00a0\u00bb,Default\u00a0\u00bb][vc_row_inner row_inner_height_percent=\u00a0\u00bb0&Prime; overlay_alpha=\u00a0\u00bb50&Prime; gutter_size=\u00a0\u00bb3&Prime; shift_y=\u00a0\u00bb0&Prime; z_index=\u00a0\u00bb0&Prime; limit_content=\u00a0\u00bb\u00a0\u00bb uncode_shortcode_id=\u00a0\u00bb155222&Prime;][vc_column_inner column_width_percent=\u00a0\u00bb100&Prime; gutter_size=\u00a0\u00bb3&Prime; overlay_alpha=\u00a0\u00bb50&Prime; shift_x=\u00a0\u00bb0&Prime; shift_y=\u00a0\u00bb0&Prime; shift_y_down=\u00a0\u00bb0&Prime; z_index=\u00a0\u00bb0&Prime; medium_width=\u00a0\u00bb0&Prime; mobile_width=\u00a0\u00bb0&Prime; width=\u00a0\u00bb3\/4&Prime; uncode_shortcode_id=\u00a0\u00bb691029&Prime;][vc_custom_heading text_size=\u00a0\u00bb\u00a0\u00bb uncode_shortcode_id=\u00a0\u00bb923473&Prime;]Choisir le bon conseil en financement Paris[\/vc_custom_heading][vc_column_text uncode_shortcode_id=\u00a0\u00bb146185&Prime;]<strong>Crit\u00e8res de s\u00e9lection<\/strong><\/p>\n<p>Un bon conseiller en financement parisien pr\u00e9sente :<\/p>\n<ul>\n<li>Exp\u00e9rience probante dans votre secteur<\/li>\n<li>R\u00e9seau \u00e9tendu d&rsquo;acteurs financiers<\/li>\n<li>Transparence sur les conditions d&rsquo;intervention<\/li>\n<li>R\u00e9f\u00e9rences clients v\u00e9rifiables<\/li>\n<\/ul>\n<p><strong>Questions \u00e0 poser<\/strong><\/p>\n<p>Avant de choisir votre conseiller :<\/p>\n<ul>\n<li>Quel est votre taux de succ\u00e8s sur des dossiers similaires ?<\/li>\n<li>Quels sont vos partenaires financiers privil\u00e9gi\u00e9s ?<\/li>\n<li>Quel accompagnement proposez-vous apr\u00e8s l&rsquo;obtention du financement ?<\/li>\n<li>Quels sont vos honoraires et conditions de r\u00e9mun\u00e9ration ?<\/li>\n<\/ul>\n<p>[\/vc_column_text][\/vc_column_inner][\/vc_row_inner][vc_separator sep_color=\u00a0\u00bb,Default\u00a0\u00bb][\/vc_column][\/vc_row][vc_row unlock_row_content=\u00a0\u00bbyes\u00a0\u00bb row_height_percent=\u00a0\u00bb0&Prime; override_padding=\u00a0\u00bbyes\u00a0\u00bb h_padding=\u00a0\u00bb0&Prime; top_padding=\u00a0\u00bb0&Prime; bottom_padding=\u00a0\u00bb0&Prime; overlay_alpha=\u00a0\u00bb50&Prime; gutter_size=\u00a0\u00bb3&Prime; column_width_percent=\u00a0\u00bb100&Prime; shift_y=\u00a0\u00bb0&Prime; z_index=\u00a0\u00bb0&Prime; uncode_shortcode_id=\u00a0\u00bb850066&Prime;][vc_column column_width_percent=\u00a0\u00bb100&Prime; position_vertical=\u00a0\u00bbmiddle\u00a0\u00bb gutter_size=\u00a0\u00bb3&Prime; overlay_alpha=\u00a0\u00bb50&Prime; shift_x=\u00a0\u00bb0&Prime; shift_y=\u00a0\u00bb0&Prime; shift_y_down=\u00a0\u00bb0&Prime; z_index=\u00a0\u00bb0&Prime; medium_width=\u00a0\u00bb0&Prime; mobile_width=\u00a0\u00bb0&Prime; width=\u00a0\u00bb1\/1&Prime; uncode_shortcode_id=\u00a0\u00bb131031&Prime;][vc_column column_width_use_pixel=\u00a0\u00bbyes\u00a0\u00bb position_vertical=\u00a0\u00bbmiddle\u00a0\u00bb align_horizontal=\u00a0\u00bbalign_center\u00a0\u00bb gutter_size=\u00a0\u00bb3&Prime; overlay_alpha=\u00a0\u00bb50&Prime; shift_x=\u00a0\u00bb0&Prime; shift_y=\u00a0\u00bb0&Prime; shift_y_down=\u00a0\u00bb0&Prime; z_index=\u00a0\u00bb0&Prime; medium_width=\u00a0\u00bb0&Prime; mobile_width=\u00a0\u00bb0&Prime; column_width_pixel=\u00a0\u00bb900&Prime; uncode_shortcode_id=\u00a0\u00bb152572&Prime;][vc_custom_heading uncode_shortcode_id=\u00a0\u00bb365763&Prime;]<\/p>\n<p style=\"text-align: center;\">Outils et ressources pour optimiser votre recherche<\/p>\n<p>[\/vc_custom_heading][vc_column_text uncode_shortcode_id=\u00a0\u00bb206491&Prime;]<strong>Plateformes digitales<\/strong><\/p>\n<p>Les outils num\u00e9riques r\u00e9volutionnent la recherche de financement. Les plateformes sp\u00e9cialis\u00e9es permettent :<\/p>\n<ul>\n<li>Identification automatique des programmes \u00e9ligibles<\/li>\n<li>Suivi centralis\u00e9 des d\u00e9marches<\/li>\n<li>Optimisation des dossiers de candidature<\/li>\n<\/ul>\n<p><strong>R\u00e9seaux professionnels<\/strong><\/p>\n<p>Les r\u00e9seaux d&rsquo;entrepreneurs parisiens facilitent les \u00e9changes d&rsquo;exp\u00e9riences et les recommandations. Participez aux \u00e9v\u00e9nements sectoriels pour d\u00e9velopper vos contacts.<\/p>\n<p><strong>R\u00e9ussir votre projet de financement parisien<\/strong><\/p>\n<p>La recherche de financement \u00e0 Paris exige m\u00e9thode, pr\u00e9paration et accompagnement expert[\/vc_column_text][\/vc_column][\/vc_column][\/vc_row][vc_row][vc_column width=\u00a0\u00bb1\/1&Prime;][uncode_block id=\u00a0\u00bb110400&Prime;][\/vc_column][\/vc_row]<\/p>\n<\/div>","protected":false},"excerpt":{"rendered":"<p>[vc_row row_height_percent=\u00a0\u00bb0&Prime; override_padding=\u00a0\u00bbyes\u00a0\u00bb h_padding=\u00a0\u00bb2&Prime; top_padding=\u00a0\u00bb5&Prime; bottom_padding=\u00a0\u00bb5&Prime; back_color=\u00a0\u00bbcolor-jevc\u00a0\u00bb back_image=\u00a0\u00bb108833&Prime; back_repeat=\u00a0\u00bbno-repeat\u00a0\u00bb back_attachment=\u00a0\u00bbscroll\u00a0\u00bb back_position=\u00a0\u00bbcenter top\u00a0\u00bb kburns=\u00a0\u00bbzoom\u00a0\u00bb overlay_alpha=\u00a0\u00bb0&Prime; gutter_size=\u00a0\u00bb4&Prime; column_width_percent=\u00a0\u00bb100&Prime; shift_y=\u00a0\u00bb0&Prime; z_index=\u00a0\u00bb0&Prime; top_divider=\u00a0\u00bbtilt\u00a0\u00bb bottom_divider=\u00a0\u00bbtilt\u00a0\u00bb [&hellip;]<\/p>\n","protected":false},"author":11,"featured_media":0,"parent":0,"menu_order":0,"comment_status":"closed","ping_status":"closed","template":"","meta":{"footnotes":""},"class_list":["post-114530","page","type-page","status-publish","hentry"],"_links":{"self":[{"href":"https:\/\/pagestreet.com\/fr\/wp-json\/wp\/v2\/pages\/114530","targetHints":{"allow":["GET"]}}],"collection":[{"href":"https:\/\/pagestreet.com\/fr\/wp-json\/wp\/v2\/pages"}],"about":[{"href":"https:\/\/pagestreet.com\/fr\/wp-json\/wp\/v2\/types\/page"}],"author":[{"embeddable":true,"href":"https:\/\/pagestreet.com\/fr\/wp-json\/wp\/v2\/users\/11"}],"replies":[{"embeddable":true,"href":"https:\/\/pagestreet.com\/fr\/wp-json\/wp\/v2\/comments?post=114530"}],"version-history":[{"count":5,"href":"https:\/\/pagestreet.com\/fr\/wp-json\/wp\/v2\/pages\/114530\/revisions"}],"predecessor-version":[{"id":114535,"href":"https:\/\/pagestreet.com\/fr\/wp-json\/wp\/v2\/pages\/114530\/revisions\/114535"}],"wp:attachment":[{"href":"https:\/\/pagestreet.com\/fr\/wp-json\/wp\/v2\/media?parent=114530"}],"curies":[{"name":"wp","href":"https:\/\/api.w.org\/{rel}","templated":true}]}}