{"id":113739,"date":"2025-06-04T08:36:01","date_gmt":"2025-06-04T08:36:01","guid":{"rendered":"https:\/\/pagestreet.com\/?page_id=113739"},"modified":"2025-08-21T10:42:08","modified_gmt":"2025-08-21T10:42:08","slug":"blog","status":"publish","type":"page","link":"https:\/\/pagestreet.com\/fr\/blog\/","title":{"rendered":"Blog"},"content":{"rendered":"<div class=\"wpb-content-wrapper\"><p>[vc_row row_height_percent=\u00a0\u00bb0&Prime; override_padding=\u00a0\u00bbyes\u00a0\u00bb h_padding=\u00a0\u00bb2&Prime; top_padding=\u00a0\u00bb4&Prime; bottom_padding=\u00a0\u00bb2&Prime; overlay_alpha=\u00a0\u00bb50&Prime; gutter_size=\u00a0\u00bb3&Prime; column_width_percent=\u00a0\u00bb100&Prime; shift_y=\u00a0\u00bb0&Prime; z_index=\u00a0\u00bb0&Prime; content_parallax=\u00a0\u00bb0&Prime; uncode_shortcode_id=\u00a0\u00bb181501&Prime;][vc_column width=\u00a0\u00bb1\/1&Prime;][vc_custom_heading heading_semantic=\u00a0\u00bbh1&Prime; uncode_shortcode_id=\u00a0\u00bb156258&Prime;]Des connaissances qui soutiennent :<br \/>\nTous les articles sur les subventions[\/vc_custom_heading][vc_column_text uncode_shortcode_id=\u00a0\u00bb252371&Prime;]Retrouvez ici des informations fiables, des conseils pratiques et les derni\u00e8res actualit\u00e9s sur les programmes de subventions destin\u00e9s aux entreprises. Qu&rsquo;il s&rsquo;agisse de subventions directes, de pr\u00eats \u00e0 taux r\u00e9duit ou de dispositifs de soutien public, nos articles vous aident \u00e0 y voir plus clair et \u00e0 identifier les aides les mieux adapt\u00e9es \u00e0 votre projet.[\/vc_column_text][\/vc_column][\/vc_row][vc_row row_height_percent=\u00a0\u00bb0&Prime; override_padding=\u00a0\u00bbyes\u00a0\u00bb h_padding=\u00a0\u00bb2&Prime; top_padding=\u00a0\u00bb3&Prime; bottom_padding=\u00a0\u00bb4&Prime; overlay_alpha=\u00a0\u00bb50&Prime; gutter_size=\u00a0\u00bb3&Prime; column_width_percent=\u00a0\u00bb100&Prime; shift_y=\u00a0\u00bb0&Prime; z_index=\u00a0\u00bb0&Prime; content_parallax=\u00a0\u00bb0&Prime; uncode_shortcode_id=\u00a0\u00bb168749&Prime;][vc_column width=\u00a0\u00bb1\/1&Prime;][uncode_index el_id=\u00a0\u00bbindex-183107&Prime; isotope_mode=\u00a0\u00bbfitRows\u00a0\u00bb loop=\u00a0\u00bbsize:10|order_by:date|post_type:post|categories:356|taxonomy_count:10&Prime; screen_lg=\u00a0\u00bb1000&Prime; screen_md=\u00a0\u00bb600&Prime; screen_sm=\u00a0\u00bb480&Prime; gutter_size=\u00a0\u00bb3&Prime; post_items=\u00a0\u00bbmedia|featured|onpost|original,title\u00a0\u00bb single_overlay_opacity=\u00a0\u00bb50&Prime; single_padding=\u00a0\u00bb2&Prime; single_title_dimension=\u00a0\u00bbh4&Prime; uncode_shortcode_id=\u00a0\u00bb613914&Prime;][\/vc_column][\/vc_row]<\/p>\n<\/div>","protected":false},"excerpt":{"rendered":"<p>[vc_row row_height_percent=\u00a0\u00bb0&Prime; override_padding=\u00a0\u00bbyes\u00a0\u00bb h_padding=\u00a0\u00bb2&Prime; top_padding=\u00a0\u00bb4&Prime; bottom_padding=\u00a0\u00bb2&Prime; overlay_alpha=\u00a0\u00bb50&Prime; gutter_size=\u00a0\u00bb3&Prime; column_width_percent=\u00a0\u00bb100&Prime; shift_y=\u00a0\u00bb0&Prime; z_index=\u00a0\u00bb0&Prime; content_parallax=\u00a0\u00bb0&Prime; uncode_shortcode_id=\u00a0\u00bb181501&Prime;][vc_column width=\u00a0\u00bb1\/1&Prime;][vc_custom_heading heading_semantic=\u00a0\u00bbh1&Prime; uncode_shortcode_id=\u00a0\u00bb156258&Prime;]Des connaissances qui soutiennent : [&hellip;]<\/p>\n","protected":false},"author":8,"featured_media":0,"parent":0,"menu_order":0,"comment_status":"closed","ping_status":"closed","template":"","meta":{"footnotes":""},"class_list":["post-113739","page","type-page","status-publish","hentry"],"_links":{"self":[{"href":"https:\/\/pagestreet.com\/fr\/wp-json\/wp\/v2\/pages\/113739","targetHints":{"allow":["GET"]}}],"collection":[{"href":"https:\/\/pagestreet.com\/fr\/wp-json\/wp\/v2\/pages"}],"about":[{"href":"https:\/\/pagestreet.com\/fr\/wp-json\/wp\/v2\/types\/page"}],"author":[{"embeddable":true,"href":"https:\/\/pagestreet.com\/fr\/wp-json\/wp\/v2\/users\/8"}],"replies":[{"embeddable":true,"href":"https:\/\/pagestreet.com\/fr\/wp-json\/wp\/v2\/comments?post=113739"}],"version-history":[{"count":10,"href":"https:\/\/pagestreet.com\/fr\/wp-json\/wp\/v2\/pages\/113739\/revisions"}],"predecessor-version":[{"id":114872,"href":"https:\/\/pagestreet.com\/fr\/wp-json\/wp\/v2\/pages\/113739\/revisions\/114872"}],"wp:attachment":[{"href":"https:\/\/pagestreet.com\/fr\/wp-json\/wp\/v2\/media?parent=113739"}],"curies":[{"name":"wp","href":"https:\/\/api.w.org\/{rel}","templated":true}]}}