{"id":110581,"date":"2022-01-28T10:52:21","date_gmt":"2022-01-28T10:52:21","guid":{"rendered":"http:\/\/pagestreet.com\/?page_id=110581"},"modified":"2023-12-13T11:59:34","modified_gmt":"2023-12-13T11:59:34","slug":"impressum","status":"publish","type":"page","link":"https:\/\/pagestreet.com\/fr\/mentions-legales\/","title":{"rendered":"Mentions l\u00e9gales"},"content":{"rendered":"<div class=\"wpb-content-wrapper\"><p>[vc_row row_height_percent=\u00a0\u00bb0&Prime; override_padding=\u00a0\u00bbyes\u00a0\u00bb h_padding=\u00a0\u00bb2&Prime; top_padding=\u00a0\u00bb5&Prime; bottom_padding=\u00a0\u00bb5&Prime; back_color=\u00a0\u00bbcolor-lxmt\u00a0\u00bb back_image=\u00a0\u00bb108161&Prime; back_repeat=\u00a0\u00bbno-repeat\u00a0\u00bb back_attachment=\u00a0\u00bbscroll\u00a0\u00bb back_position=\u00a0\u00bbcenter bottom\u00a0\u00bb kburns=\u00a0\u00bbzoom\u00a0\u00bb overlay_alpha=\u00a0\u00bb0&Prime; gutter_size=\u00a0\u00bb4&Prime; column_width_percent=\u00a0\u00bb100&Prime; shift_y=\u00a0\u00bb0&Prime; z_index=\u00a0\u00bb0&Prime; top_divider=\u00a0\u00bbtilt\u00a0\u00bb bottom_divider=\u00a0\u00bbtilt\u00a0\u00bb uncode_shortcode_id=\u00a0\u00bb108692&Prime; back_color_type=\u00a0\u00bbuncode-palette\u00a0\u00bb][vc_column column_width_percent=\u00a0\u00bb100&Prime; position_vertical=\u00a0\u00bbmiddle\u00a0\u00bb gutter_size=\u00a0\u00bb3&Prime; overlay_alpha=\u00a0\u00bb50&Prime; shift_x=\u00a0\u00bb0&Prime; shift_y=\u00a0\u00bb0&Prime; shift_y_down=\u00a0\u00bb0&Prime; z_index=\u00a0\u00bb0&Prime; medium_width=\u00a0\u00bb0&Prime; mobile_width=\u00a0\u00bb0&Prime; width=\u00a0\u00bb1\/2&Prime; uncode_shortcode_id=\u00a0\u00bb942221&Prime;][vc_custom_heading heading_semantic=\u00a0\u00bbh1&Prime; text_size=\u00a0\u00bb\u00a0\u00bb css_animation=\u00a0\u00bbright-t-left\u00a0\u00bb uncode_shortcode_id=\u00a0\u00bb197682&Prime;]Mentions l\u00e9gales[\/vc_custom_heading][\/vc_column][vc_column column_width_percent=\u00a0\u00bb100&Prime; gutter_size=\u00a0\u00bb3&Prime; overlay_alpha=\u00a0\u00bb50&Prime; shift_x=\u00a0\u00bb0&Prime; shift_y=\u00a0\u00bb0&Prime; shift_y_down=\u00a0\u00bb0&Prime; z_index=\u00a0\u00bb0&Prime; medium_visibility=\u00a0\u00bbyes\u00a0\u00bb medium_width=\u00a0\u00bb0&Prime; mobile_visibility=\u00a0\u00bbyes\u00a0\u00bb mobile_width=\u00a0\u00bb0&Prime; width=\u00a0\u00bb1\/2&Prime; uncode_shortcode_id=\u00a0\u00bb452409&Prime;][\/vc_column][\/vc_row][vc_row row_height_percent=\u00a0\u00bb0&Prime; override_padding=\u00a0\u00bbyes\u00a0\u00bb h_padding=\u00a0\u00bb2&Prime; top_padding=\u00a0\u00bb5&Prime; bottom_padding=\u00a0\u00bb5&Prime; overlay_alpha=\u00a0\u00bb50&Prime; gutter_size=\u00a0\u00bb3&Prime; column_width_percent=\u00a0\u00bb100&Prime; shift_y=\u00a0\u00bb0&Prime; z_index=\u00a0\u00bb0&Prime; uncode_shortcode_id=\u00a0\u00bb790531&Prime;][vc_column width=\u00a0\u00bb1\/1&Prime;][vc_column_text uncode_shortcode_id=\u00a0\u00bb111869&Prime;]Le pr\u00e9sent site internet (le \u00ab Site \u00bb) est \u00e9dit\u00e9 par legal.solutions GmbH (\u00ab Firmenname \u00bb) dont le si\u00e8ge social est:<\/p>\n<p>Rue de l&rsquo;entreprise\/ind\u00e9pendant: Sophiensta\u00dfe 1<\/p>\n<p>D\u00e9partement\/ Code postal\/ville: 10178 Berlin<\/p>\n<p>Registre du Commerce et des Soci\u00e9t\u00e9s (RCS): HRB 146784 B<\/p>\n<p>N\u00b0 TVA: DE287244094<\/p>\n<p>N\u00b0 de t\u00e9l\u00e9phone: +49 30 467 240 618<\/p>\n<p>Courriel: info@pagestreet.de<\/p>\n<p>Directeur de publication: Marius Ehrlinger<\/p>\n<p>H\u00e9bergement du Site: ALL-INKL.COM &#8211; Neue Medien M\u00fcnnich GmbH<\/p>\n<p>Adresse du site d&rsquo;h\u00e9bergement: Dresden, Allemagne<\/p>\n<p>N\u00b0 Registre du commerce de l&rsquo;entreprise d&rsquo;h\u00e9bergement: Tribunal d&rsquo;instance de Dresden HRB 21708<\/p>\n<p>N\u00b0 de t\u00e9l\u00e9phone: +49 35872 353-10<\/p>\n<p>Le Site et les pr\u00e9sentes mentions l\u00e9gales sont soumis au droit allemande. Le Site et chacun de ses \u00e9l\u00e9ments sont la propri\u00e9t\u00e9 exclusive de Marius Ehrlinger. Toute reproduction ou repr\u00e9sentation en tout ou partie du pr\u00e9sent Site ou de l\u2019un quelconque des \u00e9l\u00e9ments qui le composent, est interdite sauf autorisation pr\u00e9alable de Marius Ehrlinger. De m\u00eame, les marques et noms de domaine qui apparaissent sur le Site sont la propri\u00e9t\u00e9 exclusive de Marius Ehrlinger. Toute reproduction ou utilisation de ces marques ou noms de domaine de quelque mani\u00e8re et \u00e0 quelque titre que ce soit est interdite.<\/p>\n<p>Un lien hypertexte pointant vers le Site ne peut \u00eatre mis en place qu\u2019avec l\u2019autorisation \u00e9crite et pr\u00e9alable de Marius Ehrlinger. Les liens hypertextes mis en place sur le Site peuvent conduire l&rsquo;utilisateur sur les sites Internet de diff\u00e9rents partenaires. Il est pr\u00e9cis\u00e9 que Marius Ehrlinger n&rsquo;a pas v\u00e9rifi\u00e9 tous les sites \u00e9ventuellement reli\u00e9s au sien, leur contenu et les informations qui y sont pr\u00e9sentes, et d\u00e9cline par cons\u00e9quent toute responsabilit\u00e9 sur le contenu, la publicit\u00e9, les produits ou les services disponibles sur ces sites et sur l&rsquo;utilisation qui en est faite par l&rsquo;utilisateur. Le recours \u00e0 ces sites par l&rsquo;utilisateur rel\u00e8ve de la seule responsabilit\u00e9 de ce dernier.[\/vc_column_text][\/vc_column][\/vc_row]<\/p>\n<\/div>","protected":false},"excerpt":{"rendered":"<p>[vc_row row_height_percent=\u00a0\u00bb0&Prime; override_padding=\u00a0\u00bbyes\u00a0\u00bb h_padding=\u00a0\u00bb2&Prime; top_padding=\u00a0\u00bb5&Prime; bottom_padding=\u00a0\u00bb5&Prime; back_color=\u00a0\u00bbcolor-lxmt\u00a0\u00bb back_image=\u00a0\u00bb108161&Prime; back_repeat=\u00a0\u00bbno-repeat\u00a0\u00bb back_attachment=\u00a0\u00bbscroll\u00a0\u00bb back_position=\u00a0\u00bbcenter bottom\u00a0\u00bb kburns=\u00a0\u00bbzoom\u00a0\u00bb overlay_alpha=\u00a0\u00bb0&Prime; gutter_size=\u00a0\u00bb4&Prime; column_width_percent=\u00a0\u00bb100&Prime; shift_y=\u00a0\u00bb0&Prime; z_index=\u00a0\u00bb0&Prime; top_divider=\u00a0\u00bbtilt\u00a0\u00bb bottom_divider=\u00a0\u00bbtilt\u00a0\u00bb [&hellip;]<\/p>\n","protected":false},"author":1,"featured_media":0,"parent":0,"menu_order":0,"comment_status":"closed","ping_status":"closed","template":"","meta":{"footnotes":""},"class_list":["post-110581","page","type-page","status-publish","hentry"],"_links":{"self":[{"href":"https:\/\/pagestreet.com\/fr\/wp-json\/wp\/v2\/pages\/110581","targetHints":{"allow":["GET"]}}],"collection":[{"href":"https:\/\/pagestreet.com\/fr\/wp-json\/wp\/v2\/pages"}],"about":[{"href":"https:\/\/pagestreet.com\/fr\/wp-json\/wp\/v2\/types\/page"}],"author":[{"embeddable":true,"href":"https:\/\/pagestreet.com\/fr\/wp-json\/wp\/v2\/users\/1"}],"replies":[{"embeddable":true,"href":"https:\/\/pagestreet.com\/fr\/wp-json\/wp\/v2\/comments?post=110581"}],"version-history":[{"count":9,"href":"https:\/\/pagestreet.com\/fr\/wp-json\/wp\/v2\/pages\/110581\/revisions"}],"predecessor-version":[{"id":110735,"href":"https:\/\/pagestreet.com\/fr\/wp-json\/wp\/v2\/pages\/110581\/revisions\/110735"}],"wp:attachment":[{"href":"https:\/\/pagestreet.com\/fr\/wp-json\/wp\/v2\/media?parent=110581"}],"curies":[{"name":"wp","href":"https:\/\/api.w.org\/{rel}","templated":true}]}}