{"id":113590,"date":"2025-06-02T14:15:38","date_gmt":"2025-06-02T14:15:38","guid":{"rendered":"https:\/\/pagestreet.com\/?page_id=113590"},"modified":"2026-01-21T10:41:35","modified_gmt":"2026-01-21T10:41:35","slug":"blog","status":"publish","type":"page","link":"https:\/\/pagestreet.com\/de\/blog\/","title":{"rendered":"Blog"},"content":{"rendered":"<div class=\"wpb-content-wrapper\"><p>[vc_row row_height_percent=&#8220;0&#8243; override_padding=&#8220;yes&#8220; h_padding=&#8220;2&#8243; top_padding=&#8220;4&#8243; bottom_padding=&#8220;2&#8243; overlay_alpha=&#8220;50&#8243; gutter_size=&#8220;3&#8243; column_width_percent=&#8220;100&#8243; shift_y=&#8220;0&#8243; z_index=&#8220;0&#8243; content_parallax=&#8220;0&#8243; uncode_shortcode_id=&#8220;150651&#8243;][vc_column width=&#8220;1\/1&#8243;][vc_custom_heading uncode_shortcode_id=&#8220;114437&#8243;]Wissen, das f\u00f6rdert: Alle Beitr\u00e4ge rund um F\u00f6rdermittel[\/vc_custom_heading][vc_column_text uncode_shortcode_id=&#8220;592609&#8243;]Hier finden Sie fundierte Informationen, praktische Tipps und aktuelle Entwicklungen zu F\u00f6rderprogrammen f\u00fcr Unternehmen. Ob Zusch\u00fcsse, zinsg\u00fcnstige Kredite oder staatliche Unterst\u00fctzungsma\u00dfnahmen \u2013 unsere Artikel helfen Ihnen, den Durchblick zu behalten und die passenden Mittel f\u00fcr Ihr Vorhaben zu finden.[\/vc_column_text][\/vc_column][\/vc_row][vc_row row_height_percent=&#8220;0&#8243; override_padding=&#8220;yes&#8220; h_padding=&#8220;2&#8243; top_padding=&#8220;2&#8243; bottom_padding=&#8220;4&#8243; overlay_alpha=&#8220;50&#8243; gutter_size=&#8220;3&#8243; column_width_percent=&#8220;100&#8243; shift_y=&#8220;0&#8243; z_index=&#8220;0&#8243; content_parallax=&#8220;0&#8243; uncode_shortcode_id=&#8220;346869&#8243;][vc_column width=&#8220;1\/1&#8243;][uncode_index el_id=&#8220;index-134743&#8243; isotope_mode=&#8220;fitRows&#8220; loop=&#8220;size:All|order_by:date|post_type:post|categories:355|taxonomy_count:10&#8243; gutter_size=&#8220;3&#8243; post_items=&#8220;media|featured|onpost|original,title&#8220; single_overlay_opacity=&#8220;50&#8243; single_padding=&#8220;2&#8243; single_title_dimension=&#8220;h3&#8243; uncode_shortcode_id=&#8220;158283&#8243; items=&#8220;eyIxMDgzODBfaSI6eyJzaW5nbGVfd2lkdGgiOiI0In19&#8243;][\/vc_column][\/vc_row]<\/p>\n<\/div>","protected":false},"excerpt":{"rendered":"<p>[vc_row row_height_percent=&#8220;0&#8243; override_padding=&#8220;yes&#8220; h_padding=&#8220;2&#8243; top_padding=&#8220;4&#8243; bottom_padding=&#8220;2&#8243; overlay_alpha=&#8220;50&#8243; gutter_size=&#8220;3&#8243; column_width_percent=&#8220;100&#8243; shift_y=&#8220;0&#8243; z_index=&#8220;0&#8243; content_parallax=&#8220;0&#8243; uncode_shortcode_id=&#8220;150651&#8243;][vc_column width=&#8220;1\/1&#8243;][vc_custom_heading uncode_shortcode_id=&#8220;114437&#8243;]Wissen, das f\u00f6rdert: Alle Beitr\u00e4ge rund [&hellip;]<\/p>\n","protected":false},"author":8,"featured_media":0,"parent":0,"menu_order":0,"comment_status":"closed","ping_status":"closed","template":"","meta":{"footnotes":""},"class_list":["post-113590","page","type-page","status-publish","hentry"],"_links":{"self":[{"href":"https:\/\/pagestreet.com\/de\/wp-json\/wp\/v2\/pages\/113590","targetHints":{"allow":["GET"]}}],"collection":[{"href":"https:\/\/pagestreet.com\/de\/wp-json\/wp\/v2\/pages"}],"about":[{"href":"https:\/\/pagestreet.com\/de\/wp-json\/wp\/v2\/types\/page"}],"author":[{"embeddable":true,"href":"https:\/\/pagestreet.com\/de\/wp-json\/wp\/v2\/users\/8"}],"replies":[{"embeddable":true,"href":"https:\/\/pagestreet.com\/de\/wp-json\/wp\/v2\/comments?post=113590"}],"version-history":[{"count":10,"href":"https:\/\/pagestreet.com\/de\/wp-json\/wp\/v2\/pages\/113590\/revisions"}],"predecessor-version":[{"id":115747,"href":"https:\/\/pagestreet.com\/de\/wp-json\/wp\/v2\/pages\/113590\/revisions\/115747"}],"wp:attachment":[{"href":"https:\/\/pagestreet.com\/de\/wp-json\/wp\/v2\/media?parent=113590"}],"curies":[{"name":"wp","href":"https:\/\/api.w.org\/{rel}","templated":true}]}}