{"id":108331,"date":"2023-04-17T08:31:57","date_gmt":"2023-04-17T08:31:57","guid":{"rendered":"http:\/\/pagestreet.com\/?page_id=108331"},"modified":"2024-07-01T09:16:45","modified_gmt":"2024-07-01T09:16:45","slug":"foerdermittelberatung-berlin","status":"publish","type":"page","link":"https:\/\/pagestreet.com\/de\/foerdermittelberatung-berlin\/","title":{"rendered":"F\u00f6rdermittelberatung Berlin"},"content":{"rendered":"<div class=\"wpb-content-wrapper\"><p>[vc_row row_height_percent=&#8220;0&#8243; override_padding=&#8220;yes&#8220; h_padding=&#8220;2&#8243; top_padding=&#8220;7&#8243; bottom_padding=&#8220;5&#8243; back_color=&#8220;color-lxmt&#8220; back_image=&#8220;108172&#8243; back_repeat=&#8220;no-repeat&#8220; back_attachment=&#8220;scroll&#8220; back_position=&#8220;center bottom&#8220; kburns=&#8220;zoom&#8220; overlay_alpha=&#8220;0&#8243; gutter_size=&#8220;4&#8243; column_width_percent=&#8220;100&#8243; shift_y=&#8220;0&#8243; z_index=&#8220;0&#8243; top_divider=&#8220;tilt&#8220; bottom_divider=&#8220;tilt&#8220; uncode_shortcode_id=&#8220;169180&#8243; back_color_type=&#8220;uncode-palette&#8220;][vc_column column_width_percent=&#8220;100&#8243; position_vertical=&#8220;middle&#8220; gutter_size=&#8220;3&#8243; overlay_alpha=&#8220;50&#8243; shift_x=&#8220;0&#8243; shift_y=&#8220;0&#8243; shift_y_down=&#8220;0&#8243; z_index=&#8220;0&#8243; medium_width=&#8220;4&#8243; mobile_width=&#8220;0&#8243; width=&#8220;7\/12&#8243; uncode_shortcode_id=&#8220;742486&#8243;][vc_custom_heading heading_semantic=&#8220;h1&#8243; text_size=&#8220;&#8220; css_animation=&#8220;right-t-left&#8220; uncode_shortcode_id=&#8220;142208&#8243; el_class=&#8220;custom-max-width&#8220;]F\u00f6rdermittel f\u00fcr Berliner Unternehmen[\/vc_custom_heading][vc_column_text css_animation=&#8220;right-t-left&#8220; animation_delay=&#8220;100&#8243; uncode_shortcode_id=&#8220;160819&#8243; el_class=&#8220;custom-max-width&#8220;]In der Wirtschaft bl\u00e4st ein rauer Wind. Selbst starke Unternehmen haben zu k\u00e4mpfen. Auch in Berlin. Keine Sorge: Es gibt Unterst\u00fctzung vom Staat in Form von F\u00f6rdergeldern.[\/vc_column_text][vc_button button_color=&#8220;accent&#8220; border_width=&#8220;0&#8243; css_animation=&#8220;right-t-left&#8220; animation_delay=&#8220;200&#8243; link=&#8220;url:%23angebot&#8220; button_color_type=&#8220;uncode-palette&#8220; uncode_shortcode_id=&#8220;101555&#8243;]Kontakt aufnehmen[\/vc_button][\/vc_column][vc_column column_width_percent=&#8220;100&#8243; position_vertical=&#8220;middle&#8220; gutter_size=&#8220;3&#8243; back_color=&#8220;color-xsdn&#8220; overlay_alpha=&#8220;50&#8243; shift_x=&#8220;0&#8243; shift_y=&#8220;0&#8243; shift_y_down=&#8220;0&#8243; z_index=&#8220;0&#8243; medium_width=&#8220;4&#8243; mobile_width=&#8220;0&#8243; css_animation=&#8220;alpha-anim&#8220; animation_delay=&#8220;200&#8243; shadow=&#8220;lg&#8220; width=&#8220;5\/12&#8243; uncode_shortcode_id=&#8220;146530&#8243; back_color_type=&#8220;uncode-palette&#8220;][vc_custom_heading heading_semantic=&#8220;p&#8220; text_size=&#8220;h3&#8243; text_weight=&#8220;400&#8243; text_height=&#8220;fontheight-357766&#8243; sub_reduced=&#8220;yes&#8220; uncode_shortcode_id=&#8220;131565&#8243;]\u201eDer eine wartet, dass die Zeit sich wandelt, der andere packt sie kr\u00e4ftig an und handelt.\u201c<br \/>\n\u2013 Dante Alighieri[\/vc_custom_heading][vc_column_text uncode_shortcode_id=&#8220;163679&#8243;]Wir begleiten Sie bei der Beantragung von F\u00f6rdermitteln f\u00fcr Investitions- und Innovationsvorhaben Ihres Berliner Unternehmens.[\/vc_column_text][vc_single_image media=&#8220;104988&#8243; media_width_use_pixel=&#8220;yes&#8220; uncode_shortcode_id=&#8220;745768&#8243; media_width_pixel=&#8220;104&#8243; el_class=&#8220;grid-top-left&#8220;][\/vc_column][\/vc_row][vc_row row_height_percent=&#8220;0&#8243; override_padding=&#8220;yes&#8220; h_padding=&#8220;2&#8243; top_padding=&#8220;5&#8243; bottom_padding=&#8220;0&#8243; overlay_alpha=&#8220;50&#8243; gutter_size=&#8220;3&#8243; column_width_percent=&#8220;100&#8243; shift_y=&#8220;0&#8243; z_index=&#8220;0&#8243; uncode_shortcode_id=&#8220;171041&#8243;][vc_column column_width_percent=&#8220;100&#8243; gutter_size=&#8220;3&#8243; overlay_alpha=&#8220;50&#8243; shift_x=&#8220;0&#8243; shift_y=&#8220;0&#8243; shift_y_down=&#8220;0&#8243; z_index=&#8220;0&#8243; medium_width=&#8220;0&#8243; mobile_width=&#8220;0&#8243; width=&#8220;2\/3&#8243; uncode_shortcode_id=&#8220;123062&#8243;][vc_custom_heading text_size=&#8220;&#8220; uncode_shortcode_id=&#8220;683720&#8243;]F\u00f6rdergelder vom Staat[\/vc_custom_heading][vc_row_inner limit_content=&#8220;&#8220;][vc_column_inner width=&#8220;1\/2&#8243;][vc_column_text uncode_shortcode_id=&#8220;768725&#8243;]Es gibt Hunderte von \u00fcberregionalen F\u00f6rderprogrammen:<\/p>\n<ul>\n<li aria-level=\"1\">Zentrales Innovationsprogramm Mittelstand (ZIM)<\/li>\n<li aria-level=\"1\">KMU-innovativ<\/li>\n<li aria-level=\"1\">FUE Forschungszulage<\/li>\n<li aria-level=\"1\">Europ\u00e4ische F\u00f6rderungen wie den EIC Accelerator oder EU-LIFE, das Programm f\u00fcr die Umwelt und Klimapolitik<\/li>\n<\/ul>\n<p>[\/vc_column_text][\/vc_column_inner][vc_column_inner width=&#8220;1\/2&#8243;][vc_column_text uncode_shortcode_id=&#8220;110566&#8243;]Hier einige Beispiele aus Berlin:<\/p>\n<ul>\n<li aria-level=\"1\">Digitalpr\u00e4mie Berlin<\/li>\n<li aria-level=\"1\">Startup-F\u00f6rderung Berlin<\/li>\n<li aria-level=\"1\">Mikrokredite aus dem KMU-Fonds<\/li>\n<\/ul>\n<p>[\/vc_column_text][\/vc_column_inner][\/vc_row_inner][vc_column_text uncode_shortcode_id=&#8220;176239&#8243;]Sie sehen: Unser Staat l\u00e4sst Sie und Ihr Unternehmen nicht im Stich. Sie k\u00f6nnen finanzielle Unterst\u00fctzung kriegen, wenn Sie sich darum bem\u00fchen.<\/p>\n<p>Aber es ist gar nicht so einfach, an die F\u00f6rdert\u00f6pfe zu kommen. Alles ist kompliziert und kostet unendlich viel Zeit, Papier und (manchmal) Nerven.[\/vc_column_text][\/vc_column][\/vc_row][vc_row row_height_percent=&#8220;0&#8243; override_padding=&#8220;yes&#8220; h_padding=&#8220;2&#8243; top_padding=&#8220;5&#8243; bottom_padding=&#8220;0&#8243; overlay_alpha=&#8220;70&#8243; gutter_size=&#8220;3&#8243; column_width_percent=&#8220;100&#8243; shift_y=&#8220;0&#8243; z_index=&#8220;0&#8243; uncode_shortcode_id=&#8220;159889&#8243;][vc_column column_width_percent=&#8220;100&#8243; gutter_size=&#8220;3&#8243; expand_height=&#8220;yes&#8220; overlay_alpha=&#8220;50&#8243; shift_x=&#8220;0&#8243; shift_y=&#8220;0&#8243; shift_y_down=&#8220;0&#8243; z_index=&#8220;0&#8243; medium_width=&#8220;0&#8243; mobile_width=&#8220;0&#8243; width=&#8220;1\/2&#8243; uncode_shortcode_id=&#8220;357560&#8243; el_class=&#8220;img-cover&#8220;][vc_single_image media=&#8220;108334&#8243; media_width_percent=&#8220;100&#8243; uncode_shortcode_id=&#8220;129949&#8243;][\/vc_column][vc_column column_width_percent=&#8220;100&#8243; position_vertical=&#8220;middle&#8220; gutter_size=&#8220;3&#8243; overlay_alpha=&#8220;50&#8243; shift_x=&#8220;0&#8243; shift_y=&#8220;0&#8243; shift_y_down=&#8220;0&#8243; z_index=&#8220;0&#8243; medium_width=&#8220;0&#8243; mobile_width=&#8220;0&#8243; width=&#8220;1\/2&#8243; uncode_shortcode_id=&#8220;520888&#8243;][vc_custom_heading text_size=&#8220;&#8220; uncode_shortcode_id=&#8220;317383&#8243;]Wir helfen Ihnen, F\u00f6rdergelder einzuwerben[\/vc_custom_heading][vc_column_text uncode_shortcode_id=&#8220;158802&#8243;]Viele unserer Kunden haben dank unserer tatkr\u00e4ftigen Unterst\u00fctzung bereits F\u00f6rdermittel erhalten. Echte Kohle, um mehr Dampf in den Kessel zu kriegen und schneller vorw\u00e4rts zu kommen. Davon k\u00f6nnen Sie profitieren.<\/p>\n<p>Was Sie davon haben?[\/vc_column_text][\/vc_column][\/vc_row][vc_row row_height_percent=&#8220;0&#8243; override_padding=&#8220;yes&#8220; h_padding=&#8220;2&#8243; top_padding=&#8220;5&#8243; bottom_padding=&#8220;0&#8243; back_color=&#8220;color-xsdn&#8220; overlay_alpha=&#8220;70&#8243; gutter_size=&#8220;4&#8243; column_width_percent=&#8220;100&#8243; shift_y=&#8220;0&#8243; z_index=&#8220;0&#8243; uncode_shortcode_id=&#8220;105200&#8243; back_color_type=&#8220;uncode-palette&#8220; row_name=&#8220;branchen&#8220;][vc_column column_width_percent=&#8220;100&#8243; position_horizontal=&#8220;left&#8220; position_vertical=&#8220;middle&#8220; gutter_size=&#8220;3&#8243; overlay_alpha=&#8220;50&#8243; shift_x=&#8220;0&#8243; shift_y=&#8220;0&#8243; shift_y_down=&#8220;0&#8243; z_index=&#8220;0&#8243; medium_width=&#8220;0&#8243; mobile_width=&#8220;0&#8243; width=&#8220;1\/1&#8243; uncode_shortcode_id=&#8220;184193&#8243;][vc_custom_heading text_size=&#8220;&#8220; uncode_shortcode_id=&#8220;470011&#8243;]Ihre Vorteile[\/vc_custom_heading][vc_row_inner row_inner_height_percent=&#8220;0&#8243; overlay_alpha=&#8220;50&#8243; gutter_size=&#8220;3&#8243; shift_y=&#8220;0&#8243; z_index=&#8220;0&#8243; limit_content=&#8220;&#8220; uncode_shortcode_id=&#8220;184218&#8243;][vc_column_inner column_width_percent=&#8220;100&#8243; gutter_size=&#8220;2&#8243; overlay_alpha=&#8220;50&#8243; shift_x=&#8220;0&#8243; shift_y=&#8220;0&#8243; shift_y_down=&#8220;0&#8243; z_index=&#8220;0&#8243; medium_width=&#8220;4&#8243; mobile_width=&#8220;0&#8243; width=&#8220;1\/2&#8243; uncode_shortcode_id=&#8220;117911&#8243;][vc_icon position=&#8220;left&#8220; space_reduced=&#8220;yes&#8220; icon=&#8220;fa fa-dashboard&#8220; size=&#8220;fa-2x&#8220; uncode_shortcode_id=&#8220;954817&#8243; title=&#8220;Gr\u00f6\u00dfere Erfolgschancen&#8220;]Nicht jeder F\u00f6rderantrag wird bewilligt. Mit uns als Partner erh\u00f6hen sich Ihre Erfolgschancen erheblich. Denn wir kennen Bedingungen und Abl\u00e4ufe bei der Antragstellung, ebenso eine Handvoll Tricks.[\/vc_icon][\/vc_column_inner][vc_column_inner column_width_percent=&#8220;100&#8243; gutter_size=&#8220;3&#8243; overlay_alpha=&#8220;50&#8243; shift_x=&#8220;0&#8243; shift_y=&#8220;0&#8243; shift_y_down=&#8220;0&#8243; z_index=&#8220;0&#8243; medium_width=&#8220;4&#8243; mobile_width=&#8220;0&#8243; width=&#8220;1\/2&#8243; uncode_shortcode_id=&#8220;173552&#8243;][vc_icon position=&#8220;left&#8220; space_reduced=&#8220;yes&#8220; icon=&#8220;fa fa-clock-o&#8220; size=&#8220;fa-2x&#8220; uncode_shortcode_id=&#8220;165973&#8243; title=&#8220;Mehr freie Zeit am Feierabend&#8220;]Mit uns sparen Sie bis zu 90% Zeit bei der Beantragung von F\u00f6rdermitteln. Sie m\u00fcssen sich nicht bis sp\u00e4t in die Nacht mit Formularen und Merkbl\u00e4ttern herumschlagen. Und am Sonntag haben Sie frei.[\/vc_icon][\/vc_column_inner][\/vc_row_inner][vc_row_inner row_inner_height_percent=&#8220;0&#8243; overlay_alpha=&#8220;50&#8243; gutter_size=&#8220;3&#8243; shift_y=&#8220;0&#8243; z_index=&#8220;0&#8243; limit_content=&#8220;&#8220; uncode_shortcode_id=&#8220;698764&#8243;][vc_column_inner column_width_percent=&#8220;100&#8243; gutter_size=&#8220;3&#8243; overlay_alpha=&#8220;50&#8243; shift_x=&#8220;0&#8243; shift_y=&#8220;0&#8243; shift_y_down=&#8220;0&#8243; z_index=&#8220;0&#8243; medium_width=&#8220;4&#8243; mobile_width=&#8220;0&#8243; width=&#8220;1\/2&#8243; uncode_shortcode_id=&#8220;186862&#8243;][vc_icon position=&#8220;left&#8220; space_reduced=&#8220;yes&#8220; icon=&#8220;fa fa-credit-card-alt&#8220; size=&#8220;fa-2x&#8220; uncode_shortcode_id=&#8220;143251&#8243; title=&#8220;Mehr F\u00f6rdergelder&#8220;]Wie viel F\u00f6rdergeld Sie erhalten, h\u00e4ngt auch von der Auswahl der Programme ab. Wir navigieren Sie zielsicher durch die Vielfalt der F\u00f6rderprogramme. Damit Sie an den gr\u00f6\u00dften Honigtopf kommen.[\/vc_icon][\/vc_column_inner][vc_column_inner column_width_percent=&#8220;100&#8243; gutter_size=&#8220;3&#8243; overlay_alpha=&#8220;50&#8243; shift_x=&#8220;0&#8243; shift_y=&#8220;0&#8243; shift_y_down=&#8220;0&#8243; z_index=&#8220;0&#8243; medium_width=&#8220;4&#8243; mobile_width=&#8220;0&#8243; width=&#8220;1\/2&#8243; uncode_shortcode_id=&#8220;109637&#8243;][vc_icon position=&#8220;left&#8220; space_reduced=&#8220;yes&#8220; icon=&#8220;fa fa-bank&#8220; size=&#8220;fa-2x&#8220; uncode_shortcode_id=&#8220;185582&#8243; title=&#8220;Kein \u00c4rger mit dem Finanzamt&#8220;]Bei F\u00f6rderungen ist eine gute Finanzplanung vor und nach der Bewilligung notwendig, damit auch rechtlich alles passt. Wir helfen Ihnen, die komplexen Finanz- und Zuwendungsfragen rechtssicher zu l\u00f6sen.[\/vc_icon][\/vc_column_inner][\/vc_row_inner][\/vc_column][\/vc_row][vc_row row_height_percent=&#8220;0&#8243; override_padding=&#8220;yes&#8220; h_padding=&#8220;2&#8243; top_padding=&#8220;5&#8243; bottom_padding=&#8220;0&#8243; overlay_alpha=&#8220;50&#8243; equal_height=&#8220;yes&#8220; gutter_size=&#8220;3&#8243; column_width_percent=&#8220;100&#8243; shift_y=&#8220;0&#8243; z_index=&#8220;0&#8243; el_class=&#8220;inverted-device-order&#8220; uncode_shortcode_id=&#8220;159023&#8243; row_name=&#8220;problem-loesen&#8220;][vc_column column_width_percent=&#8220;100&#8243; position_vertical=&#8220;middle&#8220; gutter_size=&#8220;0&#8243; style=&#8220;dark&#8220; back_color=&#8220;color-jevc&#8220; overlay_alpha=&#8220;50&#8243; preserve_border=&#8220;yes&#8220; preserve_border_tablet=&#8220;yes&#8220; preserve_border_mobile=&#8220;yes&#8220; border_color=&#8220;color-jevc&#8220; border_style=&#8220;solid&#8220; shift_x=&#8220;0&#8243; shift_y=&#8220;0&#8243; shift_y_down=&#8220;0&#8243; z_index=&#8220;0&#8243; medium_width=&#8220;3&#8243; mobile_width=&#8220;7&#8243; width=&#8220;1\/3&#8243; uncode_shortcode_id=&#8220;448255&#8243; back_color_type=&#8220;uncode-palette&#8220; css=&#8220;.vc_custom_1681720899380{border-top-width: 3px !important;border-right-width: 3px !important;border-bottom-width: 3px !important;border-left-width: 3px !important;padding-top: 18px !important;padding-right: 18px !important;padding-bottom: 18px !important;padding-left: 18px !important;}&#8220; border_color_type=&#8220;uncode-palette&#8220;][vc_custom_heading text_space=&#8220;fontspace-781688&#8243; uncode_shortcode_id=&#8220;812998&#8243;]Was wir f\u00fcr Sie tun[\/vc_custom_heading][\/vc_column][vc_column column_width_percent=&#8220;100&#8243; position_vertical=&#8220;middle&#8220; gutter_size=&#8220;2&#8243; override_padding=&#8220;yes&#8220; column_padding=&#8220;2&#8243; back_color=&#8220;color-xsdn&#8220; overlay_alpha=&#8220;50&#8243; preserve_border=&#8220;yes&#8220; preserve_border_tablet=&#8220;yes&#8220; preserve_border_mobile=&#8220;yes&#8220; border_color=&#8220;color-jevc&#8220; border_style=&#8220;solid&#8220; shift_x=&#8220;0&#8243; shift_y=&#8220;0&#8243; shift_y_down=&#8220;0&#8243; z_index=&#8220;0&#8243; medium_width=&#8220;3&#8243; mobile_width=&#8220;7&#8243; width=&#8220;1\/3&#8243; uncode_shortcode_id=&#8220;115308&#8243; back_color_type=&#8220;uncode-palette&#8220; border_color_type=&#8220;uncode-palette&#8220; css=&#8220;.vc_custom_1681720905553{border-top-width: 3px !important;border-right-width: 3px !important;border-bottom-width: 3px !important;border-left-width: 3px !important;padding-top: 18px !important;padding-right: 18px !important;padding-bottom: 18px !important;padding-left: 18px !important;}&#8220;][vc_column_text text_lead=&#8220;yes&#8220; uncode_shortcode_id=&#8220;141122&#8243;]Wir finden die richtigen F\u00f6rderprojekte f\u00fcr Ihr Unternehmen.[\/vc_column_text][\/vc_column][vc_column column_width_percent=&#8220;100&#8243; position_vertical=&#8220;middle&#8220; gutter_size=&#8220;2&#8243; back_color=&#8220;color-xsdn&#8220; overlay_alpha=&#8220;50&#8243; preserve_border=&#8220;yes&#8220; preserve_border_tablet=&#8220;yes&#8220; preserve_border_mobile=&#8220;yes&#8220; border_color=&#8220;color-jevc&#8220; border_style=&#8220;solid&#8220; shift_x=&#8220;0&#8243; shift_y=&#8220;0&#8243; shift_y_down=&#8220;0&#8243; z_index=&#8220;0&#8243; medium_width=&#8220;3&#8243; mobile_width=&#8220;7&#8243; width=&#8220;1\/3&#8243; uncode_shortcode_id=&#8220;201122&#8243; back_color_type=&#8220;uncode-palette&#8220; css=&#8220;.vc_custom_1681720909635{border-top-width: 3px !important;border-right-width: 3px !important;border-bottom-width: 3px !important;border-left-width: 3px !important;padding-top: 18px !important;padding-right: 18px !important;padding-bottom: 18px !important;padding-left: 18px !important;}&#8220; border_color_type=&#8220;uncode-palette&#8220;][vc_column_text text_lead=&#8220;yes&#8220; uncode_shortcode_id=&#8220;181054&#8243;]Wir bereiten f\u00fcr Sie den F\u00f6rderantrag vor.[\/vc_column_text][\/vc_column][\/vc_row][vc_row row_height_percent=&#8220;0&#8243; override_padding=&#8220;yes&#8220; h_padding=&#8220;2&#8243; top_padding=&#8220;2&#8243; bottom_padding=&#8220;0&#8243; overlay_alpha=&#8220;50&#8243; equal_height=&#8220;yes&#8220; gutter_size=&#8220;3&#8243; column_width_percent=&#8220;100&#8243; shift_y=&#8220;0&#8243; z_index=&#8220;0&#8243; uncode_shortcode_id=&#8220;108855&#8243;][vc_column column_width_percent=&#8220;100&#8243; position_vertical=&#8220;middle&#8220; gutter_size=&#8220;2&#8243; override_padding=&#8220;yes&#8220; column_padding=&#8220;2&#8243; back_color=&#8220;color-xsdn&#8220; overlay_alpha=&#8220;50&#8243; preserve_border=&#8220;yes&#8220; preserve_border_tablet=&#8220;yes&#8220; preserve_border_mobile=&#8220;yes&#8220; border_color=&#8220;color-jevc&#8220; border_style=&#8220;solid&#8220; shift_x=&#8220;0&#8243; shift_y=&#8220;0&#8243; shift_y_down=&#8220;0&#8243; z_index=&#8220;0&#8243; medium_width=&#8220;3&#8243; mobile_width=&#8220;7&#8243; width=&#8220;1\/3&#8243; uncode_shortcode_id=&#8220;500914&#8243; back_color_type=&#8220;uncode-palette&#8220; border_color_type=&#8220;uncode-palette&#8220; css=&#8220;.vc_custom_1681720927651{border-top-width: 3px !important;border-right-width: 3px !important;border-bottom-width: 3px !important;border-left-width: 3px !important;padding-top: 18px !important;padding-right: 18px !important;padding-bottom: 18px !important;padding-left: 18px !important;}&#8220;][vc_column_text text_lead=&#8220;yes&#8220; uncode_shortcode_id=&#8220;110184&#8243;]Wir sorgen daf\u00fcr, dass der gesamte Prozess von der Antragstellung bis zur Auszahlung der F\u00f6rdermittel so reibungslos abl\u00e4uft wie der Bau des Berliner Hauptbahnhofs.[\/vc_column_text][\/vc_column][vc_column column_width_percent=&#8220;100&#8243; position_vertical=&#8220;middle&#8220; gutter_size=&#8220;2&#8243; override_padding=&#8220;yes&#8220; column_padding=&#8220;2&#8243; back_color=&#8220;color-xsdn&#8220; overlay_alpha=&#8220;50&#8243; preserve_border=&#8220;yes&#8220; preserve_border_tablet=&#8220;yes&#8220; preserve_border_mobile=&#8220;yes&#8220; border_color=&#8220;color-jevc&#8220; border_style=&#8220;solid&#8220; shift_x=&#8220;0&#8243; shift_y=&#8220;0&#8243; shift_y_down=&#8220;0&#8243; z_index=&#8220;0&#8243; medium_width=&#8220;3&#8243; mobile_width=&#8220;7&#8243; width=&#8220;1\/3&#8243; uncode_shortcode_id=&#8220;935498&#8243; back_color_type=&#8220;uncode-palette&#8220; border_color_type=&#8220;uncode-palette&#8220; css=&#8220;.vc_custom_1681720931793{border-top-width: 3px !important;border-right-width: 3px !important;border-bottom-width: 3px !important;border-left-width: 3px !important;padding-top: 18px !important;padding-right: 18px !important;padding-bottom: 18px !important;padding-left: 18px !important;}&#8220;][vc_column_text text_lead=&#8220;yes&#8220; uncode_shortcode_id=&#8220;130922&#8243;]Nat\u00fcrlich lassen wir Sie auch nicht im Stich, wenn die unvermeidlichen R\u00fcckfragen vom Amt kommen. Kluge Antworten ersparen neue dumme Fragen.[\/vc_column_text][\/vc_column][vc_column column_width_percent=&#8220;100&#8243; position_vertical=&#8220;middle&#8220; gutter_size=&#8220;2&#8243; override_padding=&#8220;yes&#8220; column_padding=&#8220;2&#8243; back_color=&#8220;color-xsdn&#8220; overlay_alpha=&#8220;50&#8243; preserve_border=&#8220;yes&#8220; preserve_border_tablet=&#8220;yes&#8220; preserve_border_mobile=&#8220;yes&#8220; border_color=&#8220;color-jevc&#8220; border_style=&#8220;solid&#8220; shift_x=&#8220;0&#8243; shift_y=&#8220;0&#8243; shift_y_down=&#8220;0&#8243; z_index=&#8220;0&#8243; medium_width=&#8220;3&#8243; mobile_width=&#8220;7&#8243; width=&#8220;1\/3&#8243; uncode_shortcode_id=&#8220;450825&#8243; back_color_type=&#8220;uncode-palette&#8220; border_color_type=&#8220;uncode-palette&#8220; css=&#8220;.vc_custom_1681720936924{border-top-width: 3px !important;border-right-width: 3px !important;border-bottom-width: 3px !important;border-left-width: 3px !important;padding-top: 18px !important;padding-right: 18px !important;padding-bottom: 18px !important;padding-left: 18px !important;}&#8220;][vc_column_text text_lead=&#8220;yes&#8220; uncode_shortcode_id=&#8220;123682&#8243;]Und wenn alles geklappt hat und Sie auf den Geschmack gekommen sind, planen wir mit Ihnen schon die n\u00e4chsten F\u00f6rderantr\u00e4ge und Zusch\u00fcsse.[\/vc_column_text][\/vc_column][\/vc_row][vc_row row_height_percent=&#8220;0&#8243; override_padding=&#8220;yes&#8220; h_padding=&#8220;2&#8243; top_padding=&#8220;5&#8243; bottom_padding=&#8220;5&#8243; overlay_alpha=&#8220;50&#8243; gutter_size=&#8220;3&#8243; column_width_percent=&#8220;100&#8243; shift_y=&#8220;0&#8243; z_index=&#8220;0&#8243; uncode_shortcode_id=&#8220;139260&#8243; row_name=&#8220;angebot&#8220;][vc_column column_width_percent=&#8220;100&#8243; gutter_size=&#8220;2&#8243; style=&#8220;dark&#8220; back_color=&#8220;color-jevc&#8220; overlay_alpha=&#8220;50&#8243; preserve_border=&#8220;yes&#8220; preserve_border_tablet=&#8220;yes&#8220; preserve_border_mobile=&#8220;yes&#8220; border_color=&#8220;color-jevc&#8220; border_style=&#8220;solid&#8220; shift_x=&#8220;0&#8243; shift_y=&#8220;0&#8243; shift_y_down=&#8220;0&#8243; z_index=&#8220;0&#8243; medium_width=&#8220;7&#8243; mobile_width=&#8220;7&#8243; width=&#8220;5\/12&#8243; uncode_shortcode_id=&#8220;114268&#8243; back_color_type=&#8220;uncode-palette&#8220; css=&#8220;.vc_custom_1681394634163{border-top-width: 3px !important;border-right-width: 3px !important;border-bottom-width: 3px !important;border-left-width: 3px !important;padding-top: 18px !important;padding-right: 18px !important;padding-bottom: 18px !important;padding-left: 18px !important;}&#8220; border_color_type=&#8220;uncode-palette&#8220;][vc_custom_heading uncode_shortcode_id=&#8220;418838&#8243;]Nehmen Sie Fahrt auf mit Ihrem Business. Und Kontakt mit uns.[\/vc_custom_heading][vc_column_text uncode_shortcode_id=&#8220;594049&#8243;]Bringen Sie Ihr Unternehmen in Fahrt, indem Sie das Budget mit F\u00f6rdergeldern aufpolstern. Aber tun Sie das nicht alleine, sondern mit uns als Partner.<\/p>\n<p>Also: Lassen Sie uns mal \u00fcber F\u00f6rderungen und Zusch\u00fcsse reden. Gemeinsam holen wir das Beste f\u00fcr Ihr Unternehmen heraus.[\/vc_column_text][vc_raw_html]JTNDc3BhbiUyMGNsYXNzJTNEJTIyYnRuLWNvbnRhaW5lciUyMiUzRSUzQ2ElMjBjbGFzcyUzRCUyMmN1c3RvbS1saW5rJTIwYnRuJTIwYm9yZGVyLXdpZHRoLTAlMjBidG4tYWNjZW50JTIwYnRuLWljb24tbGVmdCUyMiUyMHRpdGxlJTNEJTIyS29udGFrdCUyMiUyMGhyZWYlM0QlMjIlMkZrb250YWt0JTIyJTIwZGF0YS10Zi1wb3B1cCUzRCUyMlNvMG5MU21hJTIyJTIwZGF0YS10Zi1vcGFjaXR5JTNEJTIyMTAwJTIyJTIwZGF0YS10Zi1oaWRlLWhlYWRlcnMlMjBkYXRhLXRmLXNpemUlM0QlMjI1MCUyMiUyMGRhdGEtdGYtaWZyYW1lLXByb3BzJTNEJTIydGl0bGUlM0RBbmdlYm90LUZvcm11bGFyJTIwcGFnZXN0cmVldC5kZSUyMiUyMGRhdGEtdGYtdHJhbnNpdGl2ZS1zZWFyY2gtcGFyYW1zJTIwZGF0YS10Zi1tZWRpdW0lM0QlMjJzbmlwcGV0JTIyJTIwZGF0YS10Zi1oaWRkZW4lM0QlMjJzb3VyY2UlM0RodHRwcyUzQSUyRiUyRnBhZ2VzdHJlZXQuZGUlMkZmb2VyZGVybWl0dGVsYmVyYXR1bmctYmVybGluJTIyJTNFUiVDMyVCQ2NrcnVmJTIwYW5mb3JkZXJuJTNDJTJGYSUzRSUzQyUyRnNwYW4lM0UlMEElM0NzY3JpcHQlMjB0eXBlJTNEJTIydGV4dCUyRnBsYWluJTIyJTIwZGF0YS11c2VyY2VudHJpY3MlM0QlMjJUeXBlZm9ybSUyMiUyMHNyYyUzRCUyMiUyRiUyRmVtYmVkLnR5cGVmb3JtLmNvbSUyRm5leHQlMkZlbWJlZC5qcyUyMiUzRSUzQyUyRnNjcmlwdCUzRQ==[\/vc_raw_html][\/vc_column][vc_column column_width_percent=&#8220;100&#8243; gutter_size=&#8220;2&#8243; override_padding=&#8220;yes&#8220; column_padding=&#8220;0&#8243; expand_height=&#8220;yes&#8220; back_color=&#8220;color-438240&#8243; overlay_alpha=&#8220;50&#8243; preserve_border=&#8220;yes&#8220; preserve_border_tablet=&#8220;yes&#8220; preserve_border_mobile=&#8220;yes&#8220; border_color=&#8220;color-jevc&#8220; border_style=&#8220;solid&#8220; shift_x=&#8220;0&#8243; shift_y=&#8220;0&#8243; shift_y_down=&#8220;0&#8243; z_index=&#8220;0&#8243; medium_width=&#8220;7&#8243; mobile_width=&#8220;7&#8243; width=&#8220;7\/12&#8243; uncode_shortcode_id=&#8220;971732&#8243; back_color_type=&#8220;uncode-palette&#8220; border_color_type=&#8220;uncode-palette&#8220; css=&#8220;.vc_custom_1681394449312{border-top-width: 3px !important;border-right-width: 3px !important;border-bottom-width: 3px !important;border-left-width: 3px !important;}&#8220;][vc_raw_html]JTNDZGl2JTIwZGF0YS10Zi13aWRnZXQlM0QlMjJYcTFaUmZUdCUyMiUyMGRhdGEtdGYtb3BhY2l0eSUzRCUyMjAlMjIlMjBkYXRhLXRmLWhpZGUtaGVhZGVycyUyMGRhdGEtdGYtaW5saW5lLW9uLW1vYmlsZSUyMGRhdGEtdGYtaWZyYW1lLXByb3BzJTNEJTIydGl0bGUlM0RFeHRlcm5lciUyMERhdGVuc2NodXR6YmVhdWZ0cmFndGVyJTIwcGFnZXN0cmVldC5kZSUyMiUyMGRhdGEtdGYtZGlzYWJsZS1zY3JvbGwlMjBkYXRhLXRmLWF1dG8tcmVzaXplJTIwZGF0YS10Zi1tZWRpdW0lM0QlMjJzbmlwcGV0JTIyJTIwc3R5bGUlM0QlMjJ3aWR0aCUzQTEwMCUyNSUzQmhlaWdodCUzQTUwMHB4JTNCJTIyJTNFJTNDJTJGZGl2JTNF[\/vc_raw_html][\/vc_column][\/vc_row][vc_row unlock_row_content=&#8220;yes&#8220; row_height_percent=&#8220;0&#8243; override_padding=&#8220;yes&#8220; h_padding=&#8220;0&#8243; top_padding=&#8220;0&#8243; bottom_padding=&#8220;0&#8243; overlay_alpha=&#8220;50&#8243; gutter_size=&#8220;3&#8243; column_width_percent=&#8220;100&#8243; shift_y=&#8220;0&#8243; z_index=&#8220;0&#8243; uncode_shortcode_id=&#8220;850066&#8243;][vc_column width=&#8220;1\/1&#8243;][uncode_block id=&#8220;105026&#8243;][\/vc_column][\/vc_row]<\/p>\n<\/div>","protected":false},"excerpt":{"rendered":"<p>[vc_row row_height_percent=&#8220;0&#8243; override_padding=&#8220;yes&#8220; h_padding=&#8220;2&#8243; top_padding=&#8220;7&#8243; bottom_padding=&#8220;5&#8243; back_color=&#8220;color-lxmt&#8220; back_image=&#8220;108172&#8243; back_repeat=&#8220;no-repeat&#8220; back_attachment=&#8220;scroll&#8220; back_position=&#8220;center bottom&#8220; kburns=&#8220;zoom&#8220; overlay_alpha=&#8220;0&#8243; gutter_size=&#8220;4&#8243; column_width_percent=&#8220;100&#8243; shift_y=&#8220;0&#8243; z_index=&#8220;0&#8243; top_divider=&#8220;tilt&#8220; bottom_divider=&#8220;tilt&#8220; [&hellip;]<\/p>\n","protected":false},"author":2,"featured_media":0,"parent":0,"menu_order":0,"comment_status":"closed","ping_status":"closed","template":"","meta":{"footnotes":""},"class_list":["post-108331","page","type-page","status-publish","hentry"],"_links":{"self":[{"href":"https:\/\/pagestreet.com\/de\/wp-json\/wp\/v2\/pages\/108331","targetHints":{"allow":["GET"]}}],"collection":[{"href":"https:\/\/pagestreet.com\/de\/wp-json\/wp\/v2\/pages"}],"about":[{"href":"https:\/\/pagestreet.com\/de\/wp-json\/wp\/v2\/types\/page"}],"author":[{"embeddable":true,"href":"https:\/\/pagestreet.com\/de\/wp-json\/wp\/v2\/users\/2"}],"replies":[{"embeddable":true,"href":"https:\/\/pagestreet.com\/de\/wp-json\/wp\/v2\/comments?post=108331"}],"version-history":[{"count":10,"href":"https:\/\/pagestreet.com\/de\/wp-json\/wp\/v2\/pages\/108331\/revisions"}],"predecessor-version":[{"id":111145,"href":"https:\/\/pagestreet.com\/de\/wp-json\/wp\/v2\/pages\/108331\/revisions\/111145"}],"wp:attachment":[{"href":"https:\/\/pagestreet.com\/de\/wp-json\/wp\/v2\/media?parent=108331"}],"curies":[{"name":"wp","href":"https:\/\/api.w.org\/{rel}","templated":true}]}}