{"id":104433,"date":"2022-01-28T10:52:21","date_gmt":"2022-01-28T10:52:21","guid":{"rendered":"http:\/\/pagestreet.com\/?page_id=104433"},"modified":"2025-05-08T15:35:31","modified_gmt":"2025-05-08T15:35:31","slug":"impressum","status":"publish","type":"page","link":"https:\/\/pagestreet.com\/de\/impressum\/","title":{"rendered":"Impressum"},"content":{"rendered":"<div class=\"wpb-content-wrapper\"><p>[vc_row row_height_percent=&#8220;0&#8243; override_padding=&#8220;yes&#8220; h_padding=&#8220;2&#8243; top_padding=&#8220;5&#8243; bottom_padding=&#8220;5&#8243; back_color=&#8220;color-lxmt&#8220; back_image=&#8220;108161&#8243; back_repeat=&#8220;no-repeat&#8220; back_attachment=&#8220;scroll&#8220; back_position=&#8220;center bottom&#8220; kburns=&#8220;zoom&#8220; overlay_alpha=&#8220;0&#8243; gutter_size=&#8220;4&#8243; column_width_percent=&#8220;100&#8243; shift_y=&#8220;0&#8243; z_index=&#8220;0&#8243; top_divider=&#8220;tilt&#8220; bottom_divider=&#8220;tilt&#8220; uncode_shortcode_id=&#8220;108692&#8243; back_color_type=&#8220;uncode-palette&#8220;][vc_column column_width_percent=&#8220;100&#8243; position_vertical=&#8220;middle&#8220; gutter_size=&#8220;3&#8243; overlay_alpha=&#8220;50&#8243; shift_x=&#8220;0&#8243; shift_y=&#8220;0&#8243; shift_y_down=&#8220;0&#8243; z_index=&#8220;0&#8243; medium_width=&#8220;0&#8243; mobile_width=&#8220;0&#8243; width=&#8220;1\/2&#8243; uncode_shortcode_id=&#8220;942221&#8243;][vc_custom_heading heading_semantic=&#8220;h1&#8243; text_size=&#8220;&#8220; css_animation=&#8220;right-t-left&#8220; uncode_shortcode_id=&#8220;781727&#8243;]Impressum[\/vc_custom_heading][\/vc_column][vc_column column_width_percent=&#8220;100&#8243; gutter_size=&#8220;3&#8243; overlay_alpha=&#8220;50&#8243; shift_x=&#8220;0&#8243; shift_y=&#8220;0&#8243; shift_y_down=&#8220;0&#8243; z_index=&#8220;0&#8243; medium_visibility=&#8220;yes&#8220; medium_width=&#8220;0&#8243; mobile_visibility=&#8220;yes&#8220; mobile_width=&#8220;0&#8243; width=&#8220;1\/2&#8243; uncode_shortcode_id=&#8220;452409&#8243;][\/vc_column][\/vc_row][vc_row row_height_percent=&#8220;0&#8243; override_padding=&#8220;yes&#8220; h_padding=&#8220;2&#8243; top_padding=&#8220;5&#8243; bottom_padding=&#8220;5&#8243; overlay_alpha=&#8220;50&#8243; gutter_size=&#8220;3&#8243; column_width_percent=&#8220;100&#8243; shift_y=&#8220;0&#8243; z_index=&#8220;0&#8243; uncode_shortcode_id=&#8220;790531&#8243;][vc_column width=&#8220;1\/1&#8243;][vc_column_text uncode_shortcode_id=&#8220;317273&#8243;]legal.solutions GmbH<br \/>\nSophienstra\u00dfe 1<br \/>\n10178 Berlin<\/p>\n<p>Handelsregister: HRB 146784 B<br \/>\nRegistergericht: AG Berlin (Charlottenburg)<\/p>\n<p><strong>Vertreten durch:<\/strong><br \/>\nMarius Ehrlinger (Volljurist),<br \/>\ngesch\u00e4ftsf\u00fchrender Gesellschafter[\/vc_column_text][vc_custom_heading text_size=&#8220;&#8220; uncode_shortcode_id=&#8220;157745&#8243;]Kontakt[\/vc_custom_heading][vc_column_text uncode_shortcode_id=&#8220;125147&#8243;]Telefon: +49 (0) 30 467 240 6-18<br \/>\nTelefax: +49 (0) 30 467 240 6-17<br \/>\nE-Mail: info@pagestreet.de[\/vc_column_text][vc_custom_heading text_size=&#8220;&#8220; uncode_shortcode_id=&#8220;155177&#8243;]<\/p>\n<h2>Umsatzsteuer-ID<\/h2>\n<p>[\/vc_custom_heading][vc_column_text uncode_shortcode_id=&#8220;186012&#8243;]Umsatzsteuer-Identifikationsnummer gem\u00e4\u00df \u00a7 27 a Umsatzsteuergesetz:<br \/>\nDE287244094[\/vc_column_text][vc_custom_heading text_size=&#8220;&#8220; uncode_shortcode_id=&#8220;536961&#8243;]Streitschlichtung[\/vc_custom_heading][vc_column_text uncode_shortcode_id=&#8220;698994&#8243;]Die Europ\u00e4ische Kommission stellt eine Plattform zur Online-Streitbeilegung (OS) bereit: <a href=\"https:\/\/ec.europa.eu\/consumers\/odr\" target=\"_blank\" rel=\"noopener\">https:\/\/ec.europa.eu\/consumers\/odr<\/a>.<\/p>\n<p>Wir sind nicht bereit oder verpflichtet, an Streitbeilegungsverfahren vor einer Verbraucherschlichtungsstelle teilzunehmen.[\/vc_column_text][vc_custom_heading heading_semantic=&#8220;h3&#8243; text_size=&#8220;&#8220; uncode_shortcode_id=&#8220;158650&#8243;]Haftung f\u00fcr Inhalte[\/vc_custom_heading][vc_column_text uncode_shortcode_id=&#8220;837685&#8243;]Als Diensteanbieter sind wir gem\u00e4\u00df \u00a7 7 Abs.1 TMG f\u00fcr eigene Inhalte auf diesen Seiten nach den allgemeinen Gesetzen verantwortlich. Nach \u00a7\u00a7 8 bis 10 TMG sind wir als Diensteanbieter jedoch nicht verpflichtet, \u00fcbermittelte oder gespeicherte fremde Informationen zu \u00fcberwachen oder nach Umst\u00e4nden zu forschen, die auf eine rechtswidrige T\u00e4tigkeit hinweisen.<\/p>\n<p>Verpflichtungen zur Entfernung oder Sperrung der Nutzung von Informationen nach den allgemeinen Gesetzen bleiben hiervon unber\u00fchrt. Eine diesbez\u00fcgliche Haftung ist jedoch erst ab dem Zeitpunkt der Kenntnis einer konkreten Rechtsverletzung m\u00f6glich. Bei Bekanntwerden von entsprechenden Rechtsverletzungen werden wir diese Inhalte umgehend entfernen.[\/vc_column_text][vc_custom_heading heading_semantic=&#8220;h3&#8243; text_size=&#8220;&#8220; uncode_shortcode_id=&#8220;148559&#8243;]Haftung f\u00fcr Links[\/vc_custom_heading][vc_column_text uncode_shortcode_id=&#8220;802611&#8243;]Unser Angebot enth\u00e4lt Links zu externen Websites Dritter, auf deren Inhalte wir keinen Einfluss haben. Deshalb k\u00f6nnen wir f\u00fcr diese fremden Inhalte auch keine Gew\u00e4hr \u00fcbernehmen. F\u00fcr die Inhalte der verlinkten Seiten ist stets der jeweilige Anbieter oder Betreiber der Seiten verantwortlich. Die verlinkten Seiten wurden zum Zeitpunkt der Verlinkung auf m\u00f6gliche Rechtsverst\u00f6\u00dfe \u00fcberpr\u00fcft. Rechtswidrige Inhalte waren zum Zeitpunkt der Verlinkung nicht erkennbar.<\/p>\n<p>Eine permanente inhaltliche Kontrolle der verlinkten Seiten ist jedoch ohne konkrete Anhaltspunkte einer Rechtsverletzung nicht zumutbar. Bei Bekanntwerden von Rechtsverletzungen werden wir derartige Links umgehend entfernen.[\/vc_column_text][vc_custom_heading heading_semantic=&#8220;h3&#8243; text_size=&#8220;&#8220; uncode_shortcode_id=&#8220;111653&#8243;]Urheberrecht[\/vc_custom_heading][vc_column_text uncode_shortcode_id=&#8220;150891&#8243;]Die durch die Seitenbetreiber erstellten Inhalte und Werke auf diesen Seiten unterliegen dem deutschen Urheberrecht. Die Vervielf\u00e4ltigung, Bearbeitung, Verbreitung und jede Art der Verwertung au\u00dferhalb der Grenzen des Urheberrechtes bed\u00fcrfen der schriftlichen Zustimmung des jeweiligen Autors bzw. Erstellers. Downloads und Kopien dieser Seite sind nur f\u00fcr den privaten, nicht kommerziellen Gebrauch gestattet.<\/p>\n<p>Soweit die Inhalte auf dieser Seite nicht vom Betreiber erstellt wurden, werden die Urheberrechte Dritter beachtet. Insbesondere werden Inhalte Dritter als solche gekennzeichnet. Sollten Sie trotzdem auf eine Urheberrechtsverletzung aufmerksam werden, bitten wir um einen entsprechenden Hinweis. Bei Bekanntwerden von Rechtsverletzungen werden wir derartige Inhalte umgehend entfernen.[\/vc_column_text][\/vc_column][\/vc_row][vc_row unlock_row_content=&#8220;yes&#8220; row_height_percent=&#8220;0&#8243; override_padding=&#8220;yes&#8220; h_padding=&#8220;0&#8243; top_padding=&#8220;2&#8243; bottom_padding=&#8220;0&#8243; overlay_alpha=&#8220;50&#8243; gutter_size=&#8220;3&#8243; column_width_percent=&#8220;100&#8243; shift_y=&#8220;0&#8243; z_index=&#8220;0&#8243; content_parallax=&#8220;0&#8243; uncode_shortcode_id=&#8220;207811&#8243;][vc_column width=&#8220;1\/1&#8243;][uncode_block id=&#8220;106441&#8243;][\/vc_column][\/vc_row]<\/p>\n<\/div>","protected":false},"excerpt":{"rendered":"<p>[vc_row row_height_percent=&#8220;0&#8243; override_padding=&#8220;yes&#8220; h_padding=&#8220;2&#8243; top_padding=&#8220;5&#8243; bottom_padding=&#8220;5&#8243; back_color=&#8220;color-lxmt&#8220; back_image=&#8220;108161&#8243; back_repeat=&#8220;no-repeat&#8220; back_attachment=&#8220;scroll&#8220; back_position=&#8220;center bottom&#8220; kburns=&#8220;zoom&#8220; overlay_alpha=&#8220;0&#8243; gutter_size=&#8220;4&#8243; column_width_percent=&#8220;100&#8243; shift_y=&#8220;0&#8243; z_index=&#8220;0&#8243; top_divider=&#8220;tilt&#8220; bottom_divider=&#8220;tilt&#8220; [&hellip;]<\/p>\n","protected":false},"author":2,"featured_media":0,"parent":0,"menu_order":0,"comment_status":"closed","ping_status":"closed","template":"","meta":{"footnotes":""},"class_list":["post-104433","page","type-page","status-publish","hentry"],"_links":{"self":[{"href":"https:\/\/pagestreet.com\/de\/wp-json\/wp\/v2\/pages\/104433","targetHints":{"allow":["GET"]}}],"collection":[{"href":"https:\/\/pagestreet.com\/de\/wp-json\/wp\/v2\/pages"}],"about":[{"href":"https:\/\/pagestreet.com\/de\/wp-json\/wp\/v2\/types\/page"}],"author":[{"embeddable":true,"href":"https:\/\/pagestreet.com\/de\/wp-json\/wp\/v2\/users\/2"}],"replies":[{"embeddable":true,"href":"https:\/\/pagestreet.com\/de\/wp-json\/wp\/v2\/comments?post=104433"}],"version-history":[{"count":7,"href":"https:\/\/pagestreet.com\/de\/wp-json\/wp\/v2\/pages\/104433\/revisions"}],"predecessor-version":[{"id":113578,"href":"https:\/\/pagestreet.com\/de\/wp-json\/wp\/v2\/pages\/104433\/revisions\/113578"}],"wp:attachment":[{"href":"https:\/\/pagestreet.com\/de\/wp-json\/wp\/v2\/media?parent=104433"}],"curies":[{"name":"wp","href":"https:\/\/api.w.org\/{rel}","templated":true}]}}