{"id":104431,"date":"2022-01-28T10:52:10","date_gmt":"2022-01-28T10:52:10","guid":{"rendered":"http:\/\/pagestreet.com\/?page_id=104431"},"modified":"2025-05-08T15:34:28","modified_gmt":"2025-05-08T15:34:28","slug":"agb","status":"publish","type":"page","link":"https:\/\/pagestreet.com\/de\/agb\/","title":{"rendered":"AGB"},"content":{"rendered":"<div class=\"wpb-content-wrapper\"><p>[vc_row row_height_percent=&#8220;0&#8243; override_padding=&#8220;yes&#8220; h_padding=&#8220;2&#8243; top_padding=&#8220;5&#8243; bottom_padding=&#8220;5&#8243; back_color=&#8220;color-lxmt&#8220; back_image=&#8220;108161&#8243; back_repeat=&#8220;no-repeat&#8220; back_attachment=&#8220;scroll&#8220; back_position=&#8220;center bottom&#8220; kburns=&#8220;zoom&#8220; overlay_alpha=&#8220;0&#8243; gutter_size=&#8220;4&#8243; column_width_percent=&#8220;100&#8243; shift_y=&#8220;0&#8243; z_index=&#8220;0&#8243; top_divider=&#8220;tilt&#8220; bottom_divider=&#8220;tilt&#8220; uncode_shortcode_id=&#8220;108093&#8243; back_color_type=&#8220;uncode-palette&#8220;][vc_column column_width_percent=&#8220;100&#8243; position_vertical=&#8220;middle&#8220; gutter_size=&#8220;3&#8243; overlay_alpha=&#8220;50&#8243; shift_x=&#8220;0&#8243; shift_y=&#8220;0&#8243; shift_y_down=&#8220;0&#8243; z_index=&#8220;0&#8243; medium_width=&#8220;0&#8243; mobile_width=&#8220;0&#8243; width=&#8220;1\/2&#8243; uncode_shortcode_id=&#8220;942221&#8243;][vc_custom_heading heading_semantic=&#8220;h1&#8243; text_size=&#8220;&#8220; css_animation=&#8220;right-t-left&#8220; uncode_shortcode_id=&#8220;527431&#8243;]AGB[\/vc_custom_heading][\/vc_column][vc_column column_width_percent=&#8220;100&#8243; gutter_size=&#8220;3&#8243; overlay_alpha=&#8220;50&#8243; shift_x=&#8220;0&#8243; shift_y=&#8220;0&#8243; shift_y_down=&#8220;0&#8243; z_index=&#8220;0&#8243; medium_visibility=&#8220;yes&#8220; medium_width=&#8220;0&#8243; mobile_visibility=&#8220;yes&#8220; mobile_width=&#8220;0&#8243; width=&#8220;1\/2&#8243; uncode_shortcode_id=&#8220;206571&#8243;][\/vc_column][\/vc_row][vc_row row_height_percent=&#8220;0&#8243; override_padding=&#8220;yes&#8220; h_padding=&#8220;2&#8243; top_padding=&#8220;5&#8243; bottom_padding=&#8220;5&#8243; overlay_alpha=&#8220;50&#8243; gutter_size=&#8220;3&#8243; column_width_percent=&#8220;100&#8243; shift_y=&#8220;0&#8243; z_index=&#8220;0&#8243; uncode_shortcode_id=&#8220;790531&#8243;][vc_column width=&#8220;1\/1&#8243;][vc_custom_heading text_size=&#8220;&#8220; uncode_shortcode_id=&#8220;594413&#8243;]<\/p>\n<h2>Vorwort<\/h2>\n<p>[\/vc_custom_heading][vc_column_text uncode_shortcode_id=&#8220;730104&#8243;]Angelehnt an unsere Unternehmenskultur sind unsere AGB klar, einfach und ohne unn\u00f6tige F\u00fclle. Wir m\u00f6chten damit auch an dieser Stelle maximal kundenfreundlich sein.<\/p>\n<p>Sollten Sie dennoch Fragen zu den AGB haben, so rufen Sie uns einfach an.[\/vc_column_text][vc_custom_heading text_size=&#8220;&#8220; uncode_shortcode_id=&#8220;317510&#8243;]\u00a7 1 Anwendungsbereich \/ Vertragsschluss[\/vc_custom_heading][vc_column_text uncode_shortcode_id=&#8220;204923&#8243;]Die folgenden Allgemeinen Gesch\u00e4ftsbedingungen gelten f\u00fcr alle Vertragsverh\u00e4ltnisse zwischen der legal.solutions GmbH (Auftragnehmer) und ihren Vertragspartnern (Auftraggeber) im Hinblick auf die Erstellung von Websites, sowie s\u00e4mtliche weitere angebotene Dienstleistungen.[\/vc_column_text][vc_custom_heading text_size=&#8220;&#8220; uncode_shortcode_id=&#8220;146153&#8243;]<\/p>\n<h2>\u00a7 2 Gegenstand des Vertrages \/ Erstellung \/ Support<\/h2>\n<p>[\/vc_custom_heading][vc_column_text uncode_shortcode_id=&#8220;677385&#8243;]Nach Pr\u00e4sentation und Buchung der Webseite wird mit dem Kunden die Finalisierung der Homepage angeboten und durchgef\u00fchrt. Die Finalisierung der Website kann auch noch nach dem Laufzeitbeginn jederzeit in Anspruch genommen werden. Der Zeitpunkt hierf\u00fcr obliegt dem Auftraggeber. Sp\u00e4testens vierzehn Tage nach Vertragsschluss beginnt die jeweilige Laufzeit der Website. Die Webseite und gegebenenfalls die URL der Webseite werden dem Auftraggeber vom Auftragnehmer \u00fcber die gesamte Vertragsdauer zur Miete zur Verf\u00fcgung gestellt. Dem Kunden stehen also nach Live-Schaltung seiner Website jedes Jahr zehn Stunden Support frei. Welche Dienste zum kostenlosen Support geh\u00f6ren, k\u00f6nnen Sie jederzeit online einsehen.<\/p>\n<p><span class=\"\">Im Bereich des Online Marketing werden die Ziele individuell mit dem Kunden besprochen und danach die Arbeitszeit entsprechend eingeteilt. Die Abl\u00e4ufe f\u00fcr weitere Dienstleistungen werden dem Auftraggeber schriftlich mitgeteilt oder finden sich online unter\u00a0<\/span><a href=\"http:\/\/pagestreet.com\/\" target=\"_blank\" rel=\"noopener\" type=\"url\">www.pagestreet.de<\/a>.[\/vc_column_text][vc_custom_heading text_size=&#8220;&#8220; uncode_shortcode_id=&#8220;343979&#8243;]\u00a7 3 Haftung f\u00fcr Inhalte[\/vc_custom_heading][vc_column_text uncode_shortcode_id=&#8220;479605&#8243;]Der Auftraggeber stellt den Auftragnehmer von allen gelieferten Daten (Texte, Bilder, Logos, etc.), gleich welcher Art, in Bezug auf die Haftung frei. Die Wahrung des Copyrights und des Urheberrechts der durch den Auftraggeber gelieferten Bilder und Texte sind von diesem selbst zu pr\u00fcfen. Der Auftraggeber haftet f\u00fcr alle von ihm zur Verf\u00fcgung gestellten Daten in Bezug auf Lizenzverletzungen, Urheber- und Leistungsschutzrechten Dritter.[\/vc_column_text][vc_custom_heading text_size=&#8220;&#8220; uncode_shortcode_id=&#8220;159350&#8243;]\u00a7 4 Lieferung der Materialien[\/vc_custom_heading][vc_column_text uncode_shortcode_id=&#8220;208181&#8243;]S\u00e4mtliche Texte, Bilder oder andere Materialien die zur Erstellung Ihrer Internetseite notwendig sind, innerhalb von sieben Werktagen nach Buchungsdatum zu liefern. Sollte der Auftraggeber in Verzug geraten ist der Auftragnehmer berechtigt, Platzhalter wie bspw. Blindtexte und Ersatzbilder einzusetzen. Die Internetseite kann sodann vom Auftragnehmer mit den Ersatzinhalten fertiggestellt werden und gilt sodann als abgenommen.[\/vc_column_text][vc_custom_heading text_size=&#8220;&#8220; uncode_shortcode_id=&#8220;700869&#8243;]\u00a7 5 Mitwirkung des Kunden[\/vc_custom_heading][vc_column_text uncode_shortcode_id=&#8220;187080&#8243;]Eine gelungene Umsetzung und Fertigstellung der Website und eventueller Zusatzleistungen h\u00e4ngen wesentlich von der P\u00fcnktlichkeit sowie der Mitwirkung des Kunden ab. Um einen f\u00fcr beide Seiten z\u00fcgigen Ablauf zu gew\u00e4hrleisten, wird der Kunde die ben\u00f6tigten Daten und Informationen nach Erhalt der entsprechenden Benachrichtigungen\u00a0 \u00fcbermitteln. Soweit die Website oder eine Zusatzleistung aufgrund vom Kunden zu vertretender Umst\u00e4nde nicht oder nicht rechtzeitig fertig gestellt werden kann, hat dies keinerlei Einfluss auf die Zahlungspflicht des Kunden.[\/vc_column_text][vc_custom_heading text_size=&#8220;&#8220; uncode_shortcode_id=&#8220;970486&#8243;]\u00a7 6 Haftungsbestimmungen[\/vc_custom_heading][vc_column_text uncode_shortcode_id=&#8220;124968&#8243;]Die Haftung des Auftragnehmers ist auf Sch\u00e4den begrenzt, die auf Vorsatz oder grobe Fahrl\u00e4ssigkeit des Auftragnehmers zur\u00fcckzuf\u00fchren sind. Der Auftragnehmer haftet nicht f\u00fcr den Datenverlust von Nutzern oder f\u00fcr die unbefugte Kenntniserlangung Dritter von pers\u00f6nlichen Daten von Nutzern des Dienstes (z.B. durch Hacker). Der Auftragnehmer \u00fcbernimmt keine Haftung f\u00fcr Umsatzverluste oder sonstige Sch\u00e4den, die aus einer Funktionsst\u00f6rung oder Nicht-Verf\u00fcgbarkeit resultieren. Soweit es nicht um Verletzungen von Leben, K\u00f6rper und Gesundheit geht, werden sonstige Schadenersatzanspr\u00fcche gegen die legal.solutions GmbH ausgeschlossen. Im Falle eines Haftungseintritts durch den Anbieter oder die verbundenen Anbieter betr\u00e4gt die H\u00f6chstsumme, mit der gehaftet wird, den Gegenwert eines kostenpflichtigen Jahresentgelts.[\/vc_column_text][vc_custom_heading text_size=&#8220;&#8220; uncode_shortcode_id=&#8220;157436&#8243;]\u00a7 7 Leistungsst\u00f6rungen[\/vc_custom_heading][vc_column_text uncode_shortcode_id=&#8220;171781&#8243;]Der Auftragnehmer bem\u00fcht sich um eine durchgehende Verf\u00fcgbarkeit und fehlerfreie Funktionalit\u00e4t. Der Nutzer erkennt an, dass bereits aus technischen Gr\u00fcnden und aufgrund der Abh\u00e4ngigkeit von \u00e4u\u00dferen Einfl\u00fcssen z.B. im Rahmen der Fernmeldenetze eine ununterbrochene Verf\u00fcgbarkeit der Webseiten oder Softwaresysteme nicht realisierbar ist, weswegen kein Anspruch des Nutzers auf st\u00e4ndige Zugriffsm\u00f6glichkeit besteht. Lediglich vor\u00fcbergehende Zugriffsbeschr\u00e4nkungen gew\u00e4hren weder Gew\u00e4hrleistungsanspr\u00fcche noch ein Recht zur au\u00dferordentlichen K\u00fcndigung. Vor\u00fcbergehende Beschr\u00e4nkungen der Zugriffsm\u00f6glichkeit auf die Webseite des Auftraggebers sind solche die einen Zeitraum von 48 Stunden pro Quartal nicht \u00fcberschreiten.[\/vc_column_text][vc_custom_heading text_size=&#8220;&#8220; uncode_shortcode_id=&#8220;566055&#8243;]\u00a7 8 Zahlungsbedingungen \/ Vertragsdauer \/ K\u00fcndigung[\/vc_custom_heading][vc_column_text uncode_shortcode_id=&#8220;153949&#8243;]Der Preis f\u00fcr die Anmietung einer Internetseite, f\u00fcr Online-Marketing Leistungen oder andere im Abonnement angebotene Dienstleistungen ist f\u00fcr die jeweils gew\u00e4hlte Vertragsdauer im Voraus zu entrichten. Der Auftraggeber kann bei Buchung eine Vertragsdauer w\u00e4hlen. Die aktuellen Preise k\u00f6nnen Sie online einsehen. Die Vertragsdauer verl\u00e4ngert sich jeweils um die urspr\u00fcngliche Vertragslaufzeit, sofern der Auftraggeber nicht zwei Monate vor Vertragsende den Vertrag schriftlich k\u00fcndigt. Mit Ende der Vertragslaufzeit endet das Recht des Auftraggebers, die Dienste des Auftragnehmers in Anspruch zu nehmen. Etwaige Preis\u00e4nderungen hat der Auftragnehmer dem Auftraggeber rechtzeitig, sp\u00e4testens jedoch 3 Monate vor Ablauf der jeweiligen Vertragsdauer schriftlich mitzuteilen.<\/p>\n<p>Sofern vertraglich ein Einmalkaufpreis oder ein Entwicklungspreis vereinbart wurde, ist dieser sp\u00e4testens 14 Werktage nach Vertragsschluss zu entrichten. Von dieser Regel abweichende Zahlungsziele sind nur dann g\u00fcltig, sofern diese zwischen dem Auftraggeber und Auftragnehmer schriftlich fixiert worden sind.<\/p>\n<p>Der Auftragnehmer ist berechtigt, die Zahlungen im Wege einer SEPA-Lastschrift oder per Kreditkarte einzuziehen.<\/p>\n<p>Ist der Kunde mit f\u00e4lligen Zahlungen im Verzug, beh\u00e4lt sich der Auftragnehmer vor, weitere Leistungen bis zum Ausgleich des offenen Betrages nicht auszuf\u00fchren und hieraus entstandene Kosten an den Kunden weiterzugeben. Wird die Lastschrift nicht eingel\u00f6st, kann eine Kostenpauschale in H\u00f6he von 10,00 EUR zzgl. der gesetzlichen MwSt. geltend gemacht werden.[\/vc_column_text][vc_custom_heading text_size=&#8220;&#8220; uncode_shortcode_id=&#8220;175487&#8243;]\u00a7 9 Gerichtsstand[\/vc_custom_heading][vc_column_text uncode_shortcode_id=&#8220;674979&#8243;]Ausschlie\u00dflicher Gerichtsstand ist Berlin.<\/p>\n<p>Auf das Vertragsverh\u00e4ltnis sowie auf die Gesch\u00e4ftsbedingungen findet das Recht der Bundesrepublik Deutschland Anwendung unter Ausschluss des UN-Kaufrechts (CISG).<\/p>\n<p>Die Gerichtsstandvereinbarung gilt f\u00fcr Inlands- und Auslandskunden gleicherma\u00dfen.[\/vc_column_text][vc_custom_heading text_size=&#8220;&#8220; uncode_shortcode_id=&#8220;191115&#8243;]\u00a7 10 \u00c4nderungen der AGB[\/vc_custom_heading][vc_column_text uncode_shortcode_id=&#8220;118027&#8243;]Die \u00c4nderungen der AGB durch den Auftragnehmer ist den Auftraggebern in schriftlicher oder elektronischer Form mitzuteilen. Sofern der Auftraggeber nicht innerhalb von zwei Wochen den \u00c4nderungen zu den AGB schriftlich widerspricht, werden die \u00c4nderungen stillschweigend akzeptiert. Im Falle eines Widerspruchs gegen die \u00c4nderungen der AGB steht dem Auftraggeber ein au\u00dferordentliches K\u00fcndigungsrecht zu.[\/vc_column_text][vc_custom_heading text_size=&#8220;&#8220; uncode_shortcode_id=&#8220;891358&#8243;]\u00a7 11 Nebenabreden, \u00c4nderungen[\/vc_custom_heading][vc_column_text uncode_shortcode_id=&#8220;720282&#8243;]Nebenabreden und \u00c4nderungen bed\u00fcrfen f\u00fcr ihre Wirksamkeit der Schriftform. Dies gilt auch f\u00fcr die Schriftformklausel als solche. Davon unber\u00fchrt bleibt ein Vorrang individueller Vertragsabreden im Sinne des \u00a7 305 b BGB. Andere Personen als die Inhaber der Firma legal.solutions GmbH sind nicht berechtigt, Nebenabreden und \u00c4nderungen zu einzelnen Vertr\u00e4gen zu treffen oder vorzunehmen.<\/p>\n<p>legal.solutions GmbH \/ Berlin, Oktober 2017[\/vc_column_text][vc_column_text uncode_shortcode_id=&#8220;214343&#8243;]<a href=\"http:\/\/pagestreet.com\/wp-content\/uploads\/2022\/02\/agb_pagestreet_2015.pdf\">Hier finden Sie die AGB von Pagestreet mit Stand Mai 2015<\/a>[\/vc_column_text][\/vc_column][\/vc_row][vc_row unlock_row_content=&#8220;yes&#8220; row_height_percent=&#8220;0&#8243; override_padding=&#8220;yes&#8220; h_padding=&#8220;0&#8243; top_padding=&#8220;2&#8243; bottom_padding=&#8220;0&#8243; overlay_alpha=&#8220;50&#8243; gutter_size=&#8220;3&#8243; column_width_percent=&#8220;100&#8243; shift_y=&#8220;0&#8243; z_index=&#8220;0&#8243; content_parallax=&#8220;0&#8243; uncode_shortcode_id=&#8220;114236&#8243;][vc_column width=&#8220;1\/1&#8243;][uncode_block id=&#8220;106441&#8243;][\/vc_column][\/vc_row]<\/p>\n<\/div>","protected":false},"excerpt":{"rendered":"<p>[vc_row row_height_percent=&#8220;0&#8243; override_padding=&#8220;yes&#8220; h_padding=&#8220;2&#8243; top_padding=&#8220;5&#8243; bottom_padding=&#8220;5&#8243; back_color=&#8220;color-lxmt&#8220; back_image=&#8220;108161&#8243; back_repeat=&#8220;no-repeat&#8220; back_attachment=&#8220;scroll&#8220; back_position=&#8220;center bottom&#8220; kburns=&#8220;zoom&#8220; overlay_alpha=&#8220;0&#8243; gutter_size=&#8220;4&#8243; column_width_percent=&#8220;100&#8243; shift_y=&#8220;0&#8243; z_index=&#8220;0&#8243; top_divider=&#8220;tilt&#8220; bottom_divider=&#8220;tilt&#8220; [&hellip;]<\/p>\n","protected":false},"author":2,"featured_media":0,"parent":0,"menu_order":0,"comment_status":"closed","ping_status":"closed","template":"","meta":{"footnotes":""},"class_list":["post-104431","page","type-page","status-publish","hentry"],"_links":{"self":[{"href":"https:\/\/pagestreet.com\/de\/wp-json\/wp\/v2\/pages\/104431","targetHints":{"allow":["GET"]}}],"collection":[{"href":"https:\/\/pagestreet.com\/de\/wp-json\/wp\/v2\/pages"}],"about":[{"href":"https:\/\/pagestreet.com\/de\/wp-json\/wp\/v2\/types\/page"}],"author":[{"embeddable":true,"href":"https:\/\/pagestreet.com\/de\/wp-json\/wp\/v2\/users\/2"}],"replies":[{"embeddable":true,"href":"https:\/\/pagestreet.com\/de\/wp-json\/wp\/v2\/comments?post=104431"}],"version-history":[{"count":4,"href":"https:\/\/pagestreet.com\/de\/wp-json\/wp\/v2\/pages\/104431\/revisions"}],"predecessor-version":[{"id":113577,"href":"https:\/\/pagestreet.com\/de\/wp-json\/wp\/v2\/pages\/104431\/revisions\/113577"}],"wp:attachment":[{"href":"https:\/\/pagestreet.com\/de\/wp-json\/wp\/v2\/media?parent=104431"}],"curies":[{"name":"wp","href":"https:\/\/api.w.org\/{rel}","templated":true}]}}