{"id":104429,"date":"2022-01-28T10:52:00","date_gmt":"2022-01-28T10:52:00","guid":{"rendered":"http:\/\/pagestreet.com\/?page_id=104429"},"modified":"2026-04-22T11:52:21","modified_gmt":"2026-04-22T11:52:21","slug":"support","status":"publish","type":"page","link":"https:\/\/pagestreet.com\/de\/support\/","title":{"rendered":"Support"},"content":{"rendered":"<div class=\"wpb-content-wrapper\"><p>[vc_row row_height_percent=&#8220;0&#8243; override_padding=&#8220;yes&#8220; h_padding=&#8220;2&#8243; top_padding=&#8220;7&#8243; bottom_padding=&#8220;5&#8243; back_color=&#8220;color-lxmt&#8220; back_image=&#8220;108161&#8243; back_repeat=&#8220;no-repeat&#8220; back_attachment=&#8220;scroll&#8220; back_position=&#8220;center bottom&#8220; kburns=&#8220;zoom&#8220; overlay_alpha=&#8220;0&#8243; gutter_size=&#8220;4&#8243; column_width_percent=&#8220;100&#8243; shift_y=&#8220;0&#8243; z_index=&#8220;0&#8243; top_divider=&#8220;tilt&#8220; bottom_divider=&#8220;tilt&#8220; uncode_shortcode_id=&#8220;193106&#8243; back_color_type=&#8220;uncode-palette&#8220;][vc_column column_width_percent=&#8220;100&#8243; position_vertical=&#8220;middle&#8220; gutter_size=&#8220;3&#8243; overlay_alpha=&#8220;50&#8243; shift_x=&#8220;0&#8243; shift_y=&#8220;0&#8243; shift_y_down=&#8220;0&#8243; z_index=&#8220;0&#8243; medium_width=&#8220;4&#8243; mobile_width=&#8220;0&#8243; width=&#8220;7\/12&#8243; uncode_shortcode_id=&#8220;742486&#8243;][vc_custom_heading heading_semantic=&#8220;h1&#8243; text_size=&#8220;h1&#8243; css_animation=&#8220;right-t-left&#8220; uncode_shortcode_id=&#8220;138936&#8243;]Pagestreet Support.[\/vc_custom_heading][vc_column_text css_animation=&#8220;right-t-left&#8220; animation_delay=&#8220;100&#8243; uncode_shortcode_id=&#8220;106185&#8243;]Sie haben weitere Fragen? Z\u00f6gern Sie nicht uns zu kontaktieren. Nutzen Sie dabei das Kommunikationsmittel Ihrer Wahl. Unser Support hilft Ihnen gerne.[\/vc_column_text][vc_empty_space empty_h=&#8220;3&#8243; mobile_visibility=&#8220;yes&#8220;][\/vc_column][vc_column column_width_percent=&#8220;100&#8243; position_vertical=&#8220;middle&#8220; gutter_size=&#8220;3&#8243; back_color=&#8220;color-xsdn&#8220; overlay_alpha=&#8220;50&#8243; shadow=&#8220;lg&#8220; shift_x=&#8220;0&#8243; shift_y=&#8220;0&#8243; shift_y_down=&#8220;0&#8243; z_index=&#8220;0&#8243; medium_width=&#8220;4&#8243; mobile_width=&#8220;0&#8243; css_animation=&#8220;alpha-anim&#8220; animation_delay=&#8220;200&#8243; width=&#8220;5\/12&#8243; uncode_shortcode_id=&#8220;235613&#8243; back_color_type=&#8220;uncode-palette&#8220; el_class=&#8220;responsive-heading-font-size&#8220;][vc_row_inner limit_content=&#8220;&#8220;][vc_column_inner column_width_percent=&#8220;100&#8243; position_vertical=&#8220;middle&#8220; gutter_size=&#8220;3&#8243; overlay_alpha=&#8220;50&#8243; shift_x=&#8220;0&#8243; shift_y=&#8220;0&#8243; shift_y_down=&#8220;0&#8243; z_index=&#8220;0&#8243; medium_visibility=&#8220;yes&#8220; align_medium=&#8220;align_center_tablet&#8220; medium_width=&#8220;0&#8243; align_mobile=&#8220;align_center_mobile&#8220; mobile_width=&#8220;0&#8243; width=&#8220;1\/6&#8243; uncode_shortcode_id=&#8220;150978&#8243;][vc_icon icon=&#8220;fa fa-phone-handset&#8220; icon_color=&#8220;accent&#8220; size=&#8220;fa-2x&#8220; uncode_shortcode_id=&#8220;194547&#8243; icon_color_type=&#8220;uncode-palette&#8220;][\/vc_icon][\/vc_column_inner][vc_column_inner column_width_percent=&#8220;100&#8243; position_vertical=&#8220;middle&#8220; gutter_size=&#8220;3&#8243; overlay_alpha=&#8220;50&#8243; shift_x=&#8220;0&#8243; shift_y=&#8220;0&#8243; shift_y_down=&#8220;0&#8243; z_index=&#8220;0&#8243; align_medium=&#8220;align_left_tablet&#8220; medium_width=&#8220;0&#8243; align_mobile=&#8220;align_center_mobile&#8220; mobile_width=&#8220;0&#8243; width=&#8220;5\/6&#8243; uncode_shortcode_id=&#8220;405279&#8243;][vc_custom_heading heading_semantic=&#8220;p&#8220; text_size=&#8220;h3&#8243; text_weight=&#8220;400&#8243; uncode_shortcode_id=&#8220;189326&#8243;]<a id=\"phoneHero\" href=\"tel:030467240618\">030 467240618<\/a>[\/vc_custom_heading][\/vc_column_inner][\/vc_row_inner][vc_row_inner limit_content=&#8220;&#8220;][vc_column_inner column_width_percent=&#8220;100&#8243; position_vertical=&#8220;middle&#8220; gutter_size=&#8220;3&#8243; overlay_alpha=&#8220;50&#8243; shift_x=&#8220;0&#8243; shift_y=&#8220;0&#8243; shift_y_down=&#8220;0&#8243; z_index=&#8220;0&#8243; medium_visibility=&#8220;yes&#8220; align_medium=&#8220;align_center_tablet&#8220; medium_width=&#8220;0&#8243; align_mobile=&#8220;align_center_mobile&#8220; mobile_width=&#8220;0&#8243; width=&#8220;1\/6&#8243; uncode_shortcode_id=&#8220;160666&#8243;][vc_icon icon=&#8220;fa fa-envelope3&#8243; icon_color=&#8220;accent&#8220; size=&#8220;fa-2x&#8220; uncode_shortcode_id=&#8220;113995&#8243; icon_color_type=&#8220;uncode-palette&#8220;][\/vc_icon][\/vc_column_inner][vc_column_inner column_width_percent=&#8220;100&#8243; position_vertical=&#8220;middle&#8220; gutter_size=&#8220;3&#8243; overlay_alpha=&#8220;50&#8243; shift_x=&#8220;0&#8243; shift_y=&#8220;0&#8243; shift_y_down=&#8220;0&#8243; z_index=&#8220;0&#8243; align_medium=&#8220;align_left_tablet&#8220; medium_width=&#8220;0&#8243; align_mobile=&#8220;align_center_mobile&#8220; mobile_width=&#8220;0&#8243; width=&#8220;5\/6&#8243; uncode_shortcode_id=&#8220;123968&#8243;][vc_custom_heading heading_semantic=&#8220;p&#8220; text_size=&#8220;h3&#8243; text_weight=&#8220;400&#8243; uncode_shortcode_id=&#8220;150023&#8243;]<a href=\"mailto:support@pagestreet.de\">support@pagestreet.de<\/a>[\/vc_custom_heading][\/vc_column_inner][\/vc_row_inner][vc_row_inner limit_content=&#8220;&#8220;][vc_column_inner column_width_percent=&#8220;100&#8243; position_vertical=&#8220;middle&#8220; gutter_size=&#8220;3&#8243; overlay_alpha=&#8220;50&#8243; shift_x=&#8220;0&#8243; shift_y=&#8220;0&#8243; shift_y_down=&#8220;0&#8243; z_index=&#8220;0&#8243; medium_visibility=&#8220;yes&#8220; align_medium=&#8220;align_center_tablet&#8220; medium_width=&#8220;0&#8243; align_mobile=&#8220;align_center_mobile&#8220; mobile_width=&#8220;0&#8243; width=&#8220;1\/6&#8243; uncode_shortcode_id=&#8220;699055&#8243;][vc_icon icon=&#8220;fa fa-clock3&#8243; icon_color=&#8220;accent&#8220; size=&#8220;fa-2x&#8220; uncode_shortcode_id=&#8220;592177&#8243; icon_color_type=&#8220;uncode-palette&#8220;][\/vc_icon][\/vc_column_inner][vc_column_inner column_width_percent=&#8220;100&#8243; position_vertical=&#8220;middle&#8220; gutter_size=&#8220;3&#8243; overlay_alpha=&#8220;50&#8243; shift_x=&#8220;0&#8243; shift_y=&#8220;0&#8243; shift_y_down=&#8220;0&#8243; z_index=&#8220;0&#8243; align_medium=&#8220;align_left_tablet&#8220; medium_width=&#8220;0&#8243; align_mobile=&#8220;align_center_mobile&#8220; mobile_width=&#8220;0&#8243; width=&#8220;5\/6&#8243; uncode_shortcode_id=&#8220;389266&#8243;][vc_custom_heading heading_semantic=&#8220;p&#8220; text_size=&#8220;h3&#8243; text_weight=&#8220;400&#8243; uncode_shortcode_id=&#8220;108168&#8243;]Mo\u2013Fr: 09:00\u201318:00[\/vc_custom_heading][\/vc_column_inner][\/vc_row_inner][vc_separator sep_color=&#8220;,Default&#8220;][vc_row_inner row_inner_height_percent=&#8220;0&#8243; overlay_alpha=&#8220;50&#8243; gutter_size=&#8220;2&#8243; shift_y=&#8220;0&#8243; z_index=&#8220;0&#8243; limit_content=&#8220;&#8220; uncode_shortcode_id=&#8220;229398&#8243;][vc_column_inner column_width_percent=&#8220;100&#8243; position_vertical=&#8220;middle&#8220; gutter_size=&#8220;3&#8243; overlay_alpha=&#8220;50&#8243; shift_x=&#8220;0&#8243; shift_y=&#8220;0&#8243; shift_y_down=&#8220;0&#8243; z_index=&#8220;0&#8243; align_medium=&#8220;align_left_tablet&#8220; medium_width=&#8220;0&#8243; align_mobile=&#8220;align_center_mobile&#8220; mobile_width=&#8220;0&#8243; width=&#8220;4\/12&#8243; uncode_shortcode_id=&#8220;195895&#8243;][vc_column_text text_lead=&#8220;small&#8220; uncode_shortcode_id=&#8220;165341&#8243;]<strong>BEKANNT AUS<\/strong>[\/vc_column_text][\/vc_column_inner][vc_column_inner column_width_percent=&#8220;100&#8243; position_vertical=&#8220;middle&#8220; gutter_size=&#8220;3&#8243; overlay_alpha=&#8220;50&#8243; shift_x=&#8220;0&#8243; shift_y=&#8220;0&#8243; shift_y_down=&#8220;0&#8243; z_index=&#8220;0&#8243; medium_width=&#8220;0&#8243; mobile_width=&#8220;0&#8243; width=&#8220;8\/12&#8243; uncode_shortcode_id=&#8220;130952&#8243;][vc_single_image media=&#8220;104605&#8243; media_width_percent=&#8220;100&#8243; alignment=&#8220;center&#8220; uncode_shortcode_id=&#8220;118645&#8243;][\/vc_column_inner][\/vc_row_inner][vc_single_image media=&#8220;104988&#8243; media_width_use_pixel=&#8220;yes&#8220; uncode_shortcode_id=&#8220;745768&#8243; media_width_pixel=&#8220;104&#8243; el_class=&#8220;grid-top-left&#8220;][\/vc_column][\/vc_row][vc_row row_height_percent=&#8220;0&#8243; override_padding=&#8220;yes&#8220; h_padding=&#8220;2&#8243; top_padding=&#8220;5&#8243; bottom_padding=&#8220;5&#8243; overlay_alpha=&#8220;50&#8243; gutter_size=&#8220;4&#8243; column_width_percent=&#8220;100&#8243; shift_y=&#8220;0&#8243; z_index=&#8220;0&#8243; uncode_shortcode_id=&#8220;123798&#8243;][vc_column column_width_percent=&#8220;100&#8243; position_horizontal=&#8220;left&#8220; gutter_size=&#8220;3&#8243; override_padding=&#8220;yes&#8220; column_padding=&#8220;0&#8243; back_color=&#8220;color-xsdn&#8220; overlay_alpha=&#8220;50&#8243; radius=&#8220;std&#8220; shift_x=&#8220;0&#8243; shift_y=&#8220;0&#8243; shift_y_down=&#8220;0&#8243; z_index=&#8220;0&#8243; medium_width=&#8220;0&#8243; mobile_width=&#8220;0&#8243; width=&#8220;2\/3&#8243; uncode_shortcode_id=&#8220;143664&#8243; back_color_type=&#8220;uncode-palette&#8220;][vc_custom_heading text_size=&#8220;&#8220; uncode_shortcode_id=&#8220;152997&#8243;]Hilfreiche Informationen[\/vc_custom_heading][vc_accordion typography=&#8220;yes&#8220; sign=&#8220;plus&#8220; active_tab=&#8220;0&#8243;][vc_accordion_tab gutter_size=&#8220;2&#8243; column_padding=&#8220;2&#8243; title=&#8220;Standardwerte zur Einrichtung eines E-Mail-Postfachs&#8220; tab_id=&#8220;9346230d-a835-915556789140011555679505952&#8243;][vc_row_inner limit_content=&#8220;&#8220;][vc_column_inner width=&#8220;1\/2&#8243;][vc_column_text uncode_shortcode_id=&#8220;173661&#8243;]<\/p>\n<p class=\"rteBlock\"><strong>Posteingangsserver:<\/strong><br \/>\nsrv01.pagestreet.de<\/p>\n<p>&nbsp;<\/p>\n<p class=\"rteBlock\">Verschl\u00fcsselung: STARTTLS<\/p>\n<p class=\"rteBlock\">Port (IMAP): 143<\/p>\n<p>&nbsp;<\/p>\n<p>Verschl\u00fcsselung: SSL\/TLS<\/p>\n<p>Port (IMAP): 993<\/p>\n<p><span style=\"color: #0276d6;\"><em>&#8211; empfohlen &#8211;<\/em><\/span>[\/vc_column_text][\/vc_column_inner][vc_column_inner width=&#8220;1\/2&#8243;][vc_column_text uncode_shortcode_id=&#8220;118804&#8243;]<\/p>\n<p class=\"rteBlock\"><strong>Postausgangsserver (SMTP):<\/strong><br \/>\nsrv01.pagestreet.de<\/p>\n<p>&nbsp;<\/p>\n<p class=\"rteBlock\">Verschl\u00fcsselung: STARTTLS<\/p>\n<p class=\"rteBlock\">Port (IMAP): 587<\/p>\n<p>&nbsp;<\/p>\n<p>Verschl\u00fcsselung: SSL\/TLS<\/p>\n<p>Port (IMAP): 465<\/p>\n<p><span style=\"color: #0276d6;\"><em>&#8211; empfohlen &#8211;<\/em><\/span>[\/vc_column_text][\/vc_column_inner][\/vc_row_inner][\/vc_accordion_tab][vc_accordion_tab gutter_size=&#8220;2&#8243; column_padding=&#8220;2&#8243; title=&#8220;Postfach mit Outlook (Desktop App) verbinden (IMAP)&#8220; tab_id=&#8220;81ae71a6-e7d5-0&#8243;][vc_button outline=&#8220;yes&#8220; border_width=&#8220;0&#8243; uncode_shortcode_id=&#8220;128108&#8243; width=&#8220;250&#8243; link=&#8220;url:http%3A%2F%2Fpagestreet.com%2Fwp-content%2Fuploads%2FSlide-16_9-110.pdf|target:_blank|rel:nofollow&#8220;]PDF ansehen[\/vc_button][\/vc_accordion_tab][vc_accordion_tab gutter_size=&#8220;2&#8243; column_padding=&#8220;2&#8243; title=&#8220;Postfach mit Thunderbird verbinden (IMAP)&#8220; tab_id=&#8220;08494f15-cb62-0&#8243;][vc_button outline=&#8220;yes&#8220; border_width=&#8220;0&#8243; width=&#8220;250&#8243; uncode_shortcode_id=&#8220;905216&#8243; link=&#8220;url:http%3A%2F%2Fpagestreet.com%2Fwp-content%2Fuploads%2FPostfach-verbinden_Thunderbird-1.pdf|target:_blank&#8220;]PDF ansehen[\/vc_button][\/vc_accordion_tab][vc_accordion_tab gutter_size=&#8220;2&#8243; column_padding=&#8220;2&#8243; title=&#8220;Probleme beim Versand an Microsoft Adressen&#8220; tab_id=&#8220;7cbd0602-5b86-12283&#8243;][vc_column_text uncode_shortcode_id=&#8220;207705&#8243;]Manchmal k\u00f6nnen schlecht gesicherte Postf\u00e4cher missbraucht werden, was zu einer schlechten &#8218;Sender reputation&#8216; (Ruf als Sender) f\u00fchrt. Als Folge werden Mails abgelehnt. Das betrifft besonders das Senden an Microsoft E-Mail Dienste.<\/p>\n<p>Zum Pr\u00fcfen der Mailadresse stellt Microsoft folgenden Link bereit:<br \/>\n(Hinweis: funktioniert evtl. nur, wenn \u00dcbersetzung der Seite auf US Englisch gesetzt ist).<\/p>\n<p><a href=\"https:\/\/sender.office.com\/\" target=\"_blank\" rel=\"noopener\">https:\/\/sender.office.com\/<\/a><\/p>\n<p>(Die Mailserver IP finden Sie i.d.R in der Fehlermeldung oder u.a. mit folgendem Tool:<br \/>\n<a href=\"https:\/\/mxtoolbox.com\/DnsLookup.aspx\" target=\"_blank\" rel=\"noopener\">https:\/\/mxtoolbox.com\/DnsLookup.aspx<\/a>)<\/p>\n<p>In selteneren F\u00e4llen wird die Mailserver IP blacklistet, das k\u00f6nnen Sie hier pr\u00fcfen:<br \/>\n<a href=\"https:\/\/mxtoolbox.com\/blacklists.aspx\" target=\"_blank\" rel=\"noopener\">https:\/\/mxtoolbox.com\/blacklists.aspx<\/a><br \/>\nDamit das nicht passiert, ist es wichtig sichere Passw\u00f6rter zu verwenden.[\/vc_column_text][\/vc_accordion_tab][vc_accordion_tab gutter_size=&#8220;2&#8243; column_padding=&#8220;2&#8243; title=&#8220;Zustellprobleme durch Massenmails&#8220; tab_id=&#8220;7cbd0602-5b86-122836&#8243;][vc_column_text uncode_shortcode_id=&#8220;345490&#8243;]Warum sollte man f\u00fcr <strong>E-Mail-Marketing<\/strong> einen spezialisierten Dienstleister nutzen?<\/p>\n<p>Die rechtlichen Anforderungen f\u00fcr den Versand von <strong>Massenmails<\/strong>, insbesondere im B2B-Bereich (Cold Mails), sind in den letzten Jahren deutlich versch\u00e4rft worden. Ohne professionelle Unterst\u00fctzung ist es kaum vermeidbar, dass die eigene Domain oder der Mailserver unter Zustellproblemen leidet \u2013 beispielsweise durch Blacklisting.<br \/>\nEin spezialisierter Mailmarketing-Dienstleister sorgt daf\u00fcr, dass:<\/p>\n<ul>\n<li>Ihre E-Mails korrekt zugestellt werden und nicht im Spam landen.<\/li>\n<li>Die geltenden rechtlichen Vorgaben (DSGVO, Opt-in\/Opt-out, Dokumentation von Einwilligungen) eingehalten werden.<\/li>\n<li>Ihr eigener Mailserver gesch\u00fctzt bleibt und weiterhin zuverl\u00e4ssig f\u00fcr Gesch\u00e4ftsmails genutzt werden kann.<\/li>\n<\/ul>\n<p>Kurz gesagt: Professionelle Dienste erm\u00f6glichen rechtssicheres E-Mail-Marketing und sch\u00fctzen gleichzeitig Ihre Infrastruktur.[\/vc_column_text][\/vc_accordion_tab][vc_accordion_tab gutter_size=&#8220;2&#8243; column_padding=&#8220;2&#8243; title=&#8220;Barrierefreiheit&#8220; tab_id=&#8220;7cbd0602-5b86-1228&#8243;][vc_column_text uncode_shortcode_id=&#8220;849723&#8243;]Das Barrierefreiheitsgesetz betrifft <em>\u201eProdukte und Dienstleistungen, die nach dem 28.06.2025 in den Verkehr gebracht bzw. erbracht werden. Darunter fallen u.a. der gesamte Online-Handel, Hardware, Software, aber auch Personenverkehr oder Bankdienstleistungen.\u201c<\/em><\/p>\n<p>Genauer:<\/p>\n<p>Das BFSG gilt f\u00fcr folgende Produkte, die nach dem 28.06.2025 in den Verkehr gebracht werden:[\/vc_column_text][uncode_list uncode_shortcode_id=&#8220;904714&#8243;]<\/p>\n<ul>\n<li><strong>Hardwaresysteme<\/strong> einschlie\u00dflich Betriebssysteme<\/li>\n<li><strong>Selbstbedienungsterminals<\/strong>: Zahlungsterminals, Geldautomaten, Fahrausweisautomaten, Check-in-Automaten, Selbstbedienungsterminals zur Bereitstellung von Informationen<\/li>\n<li><strong>Verbraucherendger\u00e4te<\/strong> mit interaktivem Leistungsumfang, die f\u00fcr Telekommunikationsdienste oder f\u00fcr den Zugang zu audiovisuellen Mediendiensten verwendet werden<\/li>\n<li><strong>E-Book-Leseger\u00e4te<\/strong><\/li>\n<\/ul>\n<p>[\/uncode_list][vc_column_text uncode_shortcode_id=&#8220;155366&#8243;]Das BFSG gilt f\u00fcr folgende Dienstleistungen, die f\u00fcr Verbraucherinnen und Verbraucher nach dem 28.06.2025 erbracht werden:[\/vc_column_text][uncode_list uncode_shortcode_id=&#8220;213111&#8243;]<\/p>\n<ul>\n<li><strong>Telekommunikationsdienste<\/strong><\/li>\n<li><strong>Elemente von Personenbef\u00f6rderungsdiensten<\/strong>: Webseiten, Apps, elektronische Tickets und Ticketdienste, Bereitstellung von Verkehrsinformationen, interaktive Selbstbedienungsterminals<\/li>\n<li><strong>Bankdienstleistungen<\/strong> f\u00fcr Verbraucher<\/li>\n<li><strong>E-Books<\/strong> und hierf\u00fcr bestimmte Software<\/li>\n<li><strong><strong>Dienstleistungen im elektronischen Gesch\u00e4ftsverkehr <\/strong><\/strong>(bspw. Webshops \/ Online-Marktpl\u00e4tze, Digitale Bezahlsysteme, Online-Buchungssysteme, Software-as-a-Service (SaaS), Digitale Abos und Mitgliedschaften, Digitale Inhalte &amp; Downloads (bspw. E-Books, Musik, Software, Templates, Online-Kurse), Cloud-Dienstleistungen, Online-Marketing-Dienstleistungen, Newsletter- und E-Mail-Marketing-Services, Digitale Kundenkommunikation)<\/li>\n<\/ul>\n<p>[\/uncode_list][vc_button outline=&#8220;yes&#8220; border_width=&#8220;0&#8243; uncode_shortcode_id=&#8220;214259&#8243; width=&#8220;250&#8243; link=&#8220;url:https%3A%2F%2Fwww.barrierefreiheit-dienstekonsolidierung.bund.de%2FWebs%2FPB%2FDE%2Fgesetze-und-richtlinien%2Fbarrierefreiheitsstaerkungsgesetz%2Fbarrierefreiheitsstaerkungsgesetz-node.html|target:_blank&#8220;]Das BFSG auf bund.de[\/vc_button][\/vc_accordion_tab][vc_accordion_tab gutter_size=&#8220;2&#8243; column_padding=&#8220;2&#8243; title=&#8220;Webseite unsicher&#8220; tab_id=&#8220;7cbd0602-5b86-1&#8243;][vc_button outline=&#8220;yes&#8220; border_width=&#8220;0&#8243; uncode_shortcode_id=&#8220;147273&#8243; width=&#8220;250&#8243; link=&#8220;url:http%3A%2F%2Fpagestreet.com%2Fwp-content%2Fuploads%2FSlide-16_9-157.pdf|target:_blank&#8220;]PDF ansehen[\/vc_button][\/vc_accordion_tab][vc_accordion_tab gutter_size=&#8220;2&#8243; column_padding=&#8220;2&#8243; title=&#8220;Abwesenheitsnotiz einrichten&#8220; tab_id=&#8220;7cbd0602-5b86-12&#8243;][vc_button outline=&#8220;yes&#8220; border_width=&#8220;0&#8243; uncode_shortcode_id=&#8220;729201&#8243; width=&#8220;250&#8243; link=&#8220;url:http%3A%2F%2Fpagestreet.com%2Fwp-content%2Fuploads%2FAbwesenheitsnotiz_horde.pdf|target:_blank&#8220;]PDF ansehen[\/vc_button][\/vc_accordion_tab][vc_accordion_tab gutter_size=&#8220;2&#8243; column_padding=&#8220;2&#8243; title=&#8220;Sehe ich die aktuellen \u00c4nderungen?&#8220; tab_id=&#8220;7cbd0602-5b86-122&#8243;][vc_button outline=&#8220;yes&#8220; border_width=&#8220;0&#8243; uncode_shortcode_id=&#8220;119306&#8243; width=&#8220;250&#8243; link=&#8220;url:http%3A%2F%2Fpagestreet.com%2Fwp-content%2Fuploads%2Finkognitofenster.pdf|target:_blank&#8220;]PDF ansehen[\/vc_button][\/vc_accordion_tab][vc_accordion_tab gutter_size=&#8220;2&#8243; column_padding=&#8220;2&#8243; title=&#8220;Anleitung zur Ver\u00f6ffentlichung Ihrer neuen Website&#8220; tab_id=&#8220;d21d5937-3bb0-215556789140011555679505952&#8243;][vc_column_text uncode_shortcode_id=&#8220;347784&#8243;]<\/p>\n<p class=\"rteBlock\"><strong>Ihre neue Website ist fertig? <\/strong><\/p>\n<p class=\"rteBlock\">Die Ver\u00f6ffentlichung Ihrer neuen Website geschieht durch die einmalige Verbindung mit einer Domain. Diese Verbindung kann \u2013 je nach Ausgangslage \u2013 auf verschiedenen Wegen erfolgen. Hier erfahren Sie, wie Sie Ihre neue Seite online ver\u00f6ffentlichen k\u00f6nnen.<\/p>\n<p>[\/vc_column_text][vc_button outline=&#8220;yes&#8220; border_width=&#8220;0&#8243; link=&#8220;url:http%3A%2F%2Fpagestreet.com%2Fwp-content%2Fuploads%2F2023%2F07%2Fanleitung-veroeffentlichung.pdf|title:Anleitung%20zur%20Ver%C3%B6ffentlichung%20der%20Website|target:_blank&#8220; uncode_shortcode_id=&#8220;194288&#8243; width=&#8220;250&#8243;]PDF ansehen[\/vc_button][\/vc_accordion_tab][vc_accordion_tab gutter_size=&#8220;2&#8243; column_padding=&#8220;2&#8243; title=&#8220;Informationen zum Domainumzug&#8220; tab_id=&#8220;6dad8f3c-7309-815556789140011555679505952&#8243;][vc_column_text uncode_shortcode_id=&#8220;117083&#8243;]<\/p>\n<p class=\"rteBlock\"><strong>Sie m\u00f6chten Ihre Domain zu uns umziehen?<\/strong><\/p>\n<p class=\"rteBlock\">Hier erfahren Sie, was daf\u00fcr zu tun ist und was es zu beachten gilt. <span style=\"font-family: -apple-system, BlinkMacSystemFont, 'Segoe UI', Roboto, Oxygen-Sans, Ubuntu, Cantarell, 'Helvetica Neue', sans-serif;\">Die Inhalte zu Ihrer Domain, wie HTML-Seiten, Grafiken, Datenbanken und E-MailKonten werden dabei nicht automatisch \u00fcbernommen. Sichern Sie die Daten daher gegebenenfalls vorab!<\/span><\/p>\n<p>[\/vc_column_text][vc_button outline=&#8220;yes&#8220; border_width=&#8220;0&#8243; link=&#8220;url:http%3A%2F%2Fpagestreet.com%2Fwp-content%2Fuploads%2F2023%2F07%2Finformationen-domainumzug.pdf|title:Informationen%20zum%20Domainumzug|target:_blank&#8220; uncode_shortcode_id=&#8220;196090&#8243; width=&#8220;250&#8243;]PDF ansehen[\/vc_button][\/vc_accordion_tab][vc_accordion_tab gutter_size=&#8220;2&#8243; column_padding=&#8220;2&#8243; title=&#8220;Wird Pagestreet das Domain- und Webhosting einstellen?&#8220; tab_id=&#8220;6dad8f3c-7309-8155567891400115556795059523&#8243;][vc_column_text uncode_shortcode_id=&#8220;232822&#8243;]<\/p>\n<p class=\"rteBlock\">Nein, wir arbeiten derzeit an einem, vom F\u00f6rdermittel-Gesch\u00e4ftsbereich getrennten, Webauftritt. Da die Auslastung dieses Jahr (2025) erh\u00f6ht war, zieht sich der Prozess etwas in die L\u00e4nge. Um Ihre Anfragen in gewohnter Geschwindigkeit bearbeiten zu k\u00f6nnen, ist geplant zus\u00e4tzliches Personal einzustellen.<\/p>\n<p>[\/vc_column_text][\/vc_accordion_tab][\/vc_accordion][\/vc_column][vc_column width=&#8220;1\/3&#8243;][vc_custom_heading text_size=&#8220;&#8220; uncode_shortcode_id=&#8220;140644&#8243;]Login[\/vc_custom_heading][uncode_list icon=&#8220;fa fa-arrow-right2&#8243; icon_color=&#8220;color-901328&#8243; uncode_shortcode_id=&#8220;450388&#8243; icon_color_type=&#8220;uncode-palette&#8220;]<\/p>\n<ul>\n<li><a href=\"https:\/\/pagestreet.editor.multiscreensite.com\/login\" target=\"_blank\" rel=\"noopener\">Website-Editor<\/a><\/li>\n<li><a href=\"https:\/\/srv01.pagestreet.de\/\" target=\"_blank\" rel=\"noopener\">E-Mail-Server<\/a><\/li>\n<li><a href=\"https:\/\/srv01.pagestreet.de\/roundcube\/\" target=\"_blank\" rel=\"noopener\">Webmail Roundcube<\/a><\/li>\n<li><a href=\"https:\/\/srv01.pagestreet.de\/horde\/login.php?horde_logout_token=bgLMT9Be2ll6xC9a6KNs9tv&amp;logout_reason=4\" target=\"_blank\" rel=\"noopener\">Webmail horde<\/a><\/li>\n<\/ul>\n<p>[\/uncode_list][\/vc_column][\/vc_row][vc_row row_height_percent=&#8220;0&#8243; override_padding=&#8220;yes&#8220; h_padding=&#8220;2&#8243; top_padding=&#8220;5&#8243; bottom_padding=&#8220;5&#8243; back_color=&#8220;color-438240&#8243; overlay_alpha=&#8220;100&#8243; gutter_size=&#8220;100&#8243; column_width_percent=&#8220;100&#8243; shift_y=&#8220;0&#8243; z_index=&#8220;0&#8243; style=&#8220;inherited&#8220; uncode_shortcode_id=&#8220;156379&#8243; back_color_type=&#8220;uncode-palette&#8220;][vc_column column_width_percent=&#8220;100&#8243; position_horizontal=&#8220;left&#8220; gutter_size=&#8220;3&#8243; override_padding=&#8220;yes&#8220; column_padding=&#8220;0&#8243; back_color=&#8220;color-xsdn&#8220; overlay_alpha=&#8220;100&#8243; radius=&#8220;lg&#8220; shadow=&#8220;std&#8220; shift_x=&#8220;0&#8243; shift_y=&#8220;0&#8243; shift_y_down=&#8220;0&#8243; z_index=&#8220;0&#8243; medium_width=&#8220;100&#8243; mobile_width=&#8220;0&#8243; css_animation=&#8220;alpha-anim&#8220; zoom_width=&#8220;0&#8243; zoom_height=&#8220;0&#8243; width=&#8220;1\/1&#8243; uncode_shortcode_id=&#8220;827733&#8243; back_color_type=&#8220;uncode-palette&#8220;][vc_raw_html]JTNDZGl2JTIwZGF0YS10Zi13aWRnZXQlM0QlMjJWRGZLNEI0bCUyMiUyMGRhdGEtdGYtaWZyYW1lLXByb3BzJTNEJTIydGl0bGUlM0RTdXBwb3J0LUZvcm11bGFyJTIwcGFnZXN0cmVldC5kZSUyMiUyMGRhdGEtdGYtbWVkaXVtJTNEJTIyc25pcHBldCUyMiUyMHN0eWxlJTNEJTIyd2lkdGglM0ExMDAlMjUlM0JoZWlnaHQlM0E0OTBweCUzQiUyMiUzRSUzQyUyRmRpdiUzRSUzQ3NjcmlwdCUyMHR5cGUlM0QlMjJ0ZXh0JTJGcGxhaW4lMjIlMjBkYXRhLXVzZXJjZW50cmljcyUzRCUyMlR5cGVmb3JtJTIyJTIwc3JjJTNEJTIyJTJGJTJGZW1iZWQudHlwZWZvcm0uY29tJTJGbmV4dCUyRmVtYmVkLmpzJTIyJTIwYXN5bmMlMjBkZWZlciUzRSUzQyUyRnNjcmlwdCUzRQ==[\/vc_raw_html][\/vc_column][\/vc_row][vc_row][vc_column width=&#8220;1\/1&#8243;][vc_raw_html]JTNDc2NyaXB0JTBBJTIwJTIwJTIwJTIwaWQlM0QlMjJ6ZS1zbmlwcGV0JTIyJTBBJTIwJTIwJTIwJTIwc3JjJTNEJTIyaHR0cHMlM0ElMkYlMkZzdGF0aWMuemRhc3NldHMuY29tJTJGZWtyJTJGc25pcHBldC5qcyUzRmtleSUzRDdjNGZlZTRhLTA0NjYtNDc3MC04NWM1LTg3Nzc1OGU1MGNlZiUyMiUzRSUwQSUyMCUyMCUzQyUyRnNjcmlwdCUzRQ==[\/vc_raw_html][\/vc_column][\/vc_row]<\/p>\n<\/div>","protected":false},"excerpt":{"rendered":"<p>[vc_row row_height_percent=&#8220;0&#8243; override_padding=&#8220;yes&#8220; h_padding=&#8220;2&#8243; top_padding=&#8220;7&#8243; bottom_padding=&#8220;5&#8243; back_color=&#8220;color-lxmt&#8220; back_image=&#8220;108161&#8243; back_repeat=&#8220;no-repeat&#8220; back_attachment=&#8220;scroll&#8220; back_position=&#8220;center bottom&#8220; kburns=&#8220;zoom&#8220; overlay_alpha=&#8220;0&#8243; gutter_size=&#8220;4&#8243; column_width_percent=&#8220;100&#8243; shift_y=&#8220;0&#8243; z_index=&#8220;0&#8243; top_divider=&#8220;tilt&#8220; bottom_divider=&#8220;tilt&#8220; [&hellip;]<\/p>\n","protected":false},"author":2,"featured_media":0,"parent":0,"menu_order":0,"comment_status":"closed","ping_status":"closed","template":"","meta":{"footnotes":""},"class_list":["post-104429","page","type-page","status-publish","hentry"],"_links":{"self":[{"href":"https:\/\/pagestreet.com\/de\/wp-json\/wp\/v2\/pages\/104429","targetHints":{"allow":["GET"]}}],"collection":[{"href":"https:\/\/pagestreet.com\/de\/wp-json\/wp\/v2\/pages"}],"about":[{"href":"https:\/\/pagestreet.com\/de\/wp-json\/wp\/v2\/types\/page"}],"author":[{"embeddable":true,"href":"https:\/\/pagestreet.com\/de\/wp-json\/wp\/v2\/users\/2"}],"replies":[{"embeddable":true,"href":"https:\/\/pagestreet.com\/de\/wp-json\/wp\/v2\/comments?post=104429"}],"version-history":[{"count":10,"href":"https:\/\/pagestreet.com\/de\/wp-json\/wp\/v2\/pages\/104429\/revisions"}],"predecessor-version":[{"id":116044,"href":"https:\/\/pagestreet.com\/de\/wp-json\/wp\/v2\/pages\/104429\/revisions\/116044"}],"wp:attachment":[{"href":"https:\/\/pagestreet.com\/de\/wp-json\/wp\/v2\/media?parent=104429"}],"curies":[{"name":"wp","href":"https:\/\/api.w.org\/{rel}","templated":true}]}}