{"id":104427,"date":"2022-01-28T10:51:52","date_gmt":"2022-01-28T10:51:52","guid":{"rendered":"http:\/\/pagestreet.com\/?page_id=104427"},"modified":"2025-12-16T09:08:50","modified_gmt":"2025-12-16T09:08:50","slug":"kontakt","status":"publish","type":"page","link":"https:\/\/pagestreet.com\/de\/kontakt\/","title":{"rendered":"Kontakt"},"content":{"rendered":"<div class=\"wpb-content-wrapper\"><p>[vc_row row_height_percent=&#8220;0&#8243; override_padding=&#8220;yes&#8220; h_padding=&#8220;2&#8243; top_padding=&#8220;5&#8243; bottom_padding=&#8220;5&#8243; back_color=&#8220;color-jevc&#8220; back_image=&#8220;108873&#8243; back_repeat=&#8220;no-repeat&#8220; back_attachment=&#8220;scroll&#8220; back_position=&#8220;center bottom&#8220; kburns=&#8220;zoom&#8220; overlay_alpha=&#8220;0&#8243; gutter_size=&#8220;4&#8243; column_width_percent=&#8220;100&#8243; shift_y=&#8220;0&#8243; z_index=&#8220;0&#8243; top_divider=&#8220;tilt&#8220; bottom_divider=&#8220;tilt&#8220; uncode_shortcode_id=&#8220;160019&#8243; back_color_type=&#8220;uncode-palette&#8220;][vc_column column_width_percent=&#8220;100&#8243; position_vertical=&#8220;middle&#8220; gutter_size=&#8220;3&#8243; style=&#8220;dark&#8220; overlay_alpha=&#8220;50&#8243; shift_x=&#8220;0&#8243; shift_y=&#8220;0&#8243; shift_y_down=&#8220;0&#8243; z_index=&#8220;0&#8243; medium_width=&#8220;4&#8243; mobile_width=&#8220;0&#8243; width=&#8220;1\/2&#8243; uncode_shortcode_id=&#8220;453014&#8243;][vc_custom_heading heading_semantic=&#8220;h1&#8243; text_size=&#8220;h1&#8243; css_animation=&#8220;right-t-left&#8220; uncode_shortcode_id=&#8220;279935&#8243;]Kontakt[\/vc_custom_heading][vc_column_text css_animation=&#8220;right-t-left&#8220; animation_delay=&#8220;100&#8243; uncode_shortcode_id=&#8220;203651&#8243;]Sie haben weitere Fragen? Z\u00f6gern Sie nicht uns zu kontaktieren. Nutzen Sie dabei das Kommunikationsmittel Ihrer Wahl. Unser Team hilft Ihnen gerne.[\/vc_column_text][vc_row_inner limit_content=&#8220;&#8220;][vc_column_inner column_width_percent=&#8220;100&#8243; position_vertical=&#8220;middle&#8220; gutter_size=&#8220;3&#8243; style=&#8220;dark&#8220; overlay_alpha=&#8220;50&#8243; shift_x=&#8220;0&#8243; shift_y=&#8220;0&#8243; shift_y_down=&#8220;0&#8243; z_index=&#8220;0&#8243; medium_width=&#8220;2&#8243; align_mobile=&#8220;align_center_mobile&#8220; mobile_width=&#8220;2&#8243; css_animation=&#8220;right-t-left&#8220; animation_delay=&#8220;200&#8243; width=&#8220;1\/6&#8243; uncode_shortcode_id=&#8220;775015&#8243;][vc_icon icon=&#8220;fa fa-phone-handset&#8220; size=&#8220;fa-2x&#8220; uncode_shortcode_id=&#8220;196047&#8243;][\/vc_icon][\/vc_column_inner][vc_column_inner column_width_percent=&#8220;100&#8243; position_vertical=&#8220;middle&#8220; gutter_size=&#8220;3&#8243; style=&#8220;dark&#8220; overlay_alpha=&#8220;50&#8243; shift_x=&#8220;0&#8243; shift_y=&#8220;0&#8243; shift_y_down=&#8220;0&#8243; z_index=&#8220;0&#8243; medium_width=&#8220;6&#8243; align_mobile=&#8220;align_left_mobile&#8220; mobile_width=&#8220;6&#8243; css_animation=&#8220;right-t-left&#8220; animation_delay=&#8220;200&#8243; width=&#8220;5\/6&#8243; uncode_shortcode_id=&#8220;202624&#8243;][vc_custom_heading heading_semantic=&#8220;p&#8220; text_size=&#8220;h3&#8243; text_weight=&#8220;400&#8243; uncode_shortcode_id=&#8220;902111&#8243;]<a id=\"phoneHero\" style=\"color: #ffffff !important;\" href=\"tel:030467240618\">030 467240618<\/a>[\/vc_custom_heading][\/vc_column_inner][\/vc_row_inner][vc_row_inner limit_content=&#8220;&#8220;][vc_column_inner column_width_percent=&#8220;100&#8243; position_vertical=&#8220;middle&#8220; gutter_size=&#8220;3&#8243; style=&#8220;dark&#8220; overlay_alpha=&#8220;50&#8243; shift_x=&#8220;0&#8243; shift_y=&#8220;0&#8243; shift_y_down=&#8220;0&#8243; z_index=&#8220;0&#8243; medium_width=&#8220;2&#8243; align_mobile=&#8220;align_center_mobile&#8220; mobile_width=&#8220;2&#8243; css_animation=&#8220;right-t-left&#8220; animation_delay=&#8220;300&#8243; width=&#8220;1\/6&#8243; uncode_shortcode_id=&#8220;533056&#8243;][vc_icon icon=&#8220;fa fa-envelope3&#8243; size=&#8220;fa-2x&#8220; uncode_shortcode_id=&#8220;210546&#8243;][\/vc_icon][\/vc_column_inner][vc_column_inner column_width_percent=&#8220;100&#8243; position_vertical=&#8220;middle&#8220; gutter_size=&#8220;3&#8243; style=&#8220;dark&#8220; overlay_alpha=&#8220;50&#8243; shift_x=&#8220;0&#8243; shift_y=&#8220;0&#8243; shift_y_down=&#8220;0&#8243; z_index=&#8220;0&#8243; medium_width=&#8220;6&#8243; align_mobile=&#8220;align_left_mobile&#8220; mobile_width=&#8220;6&#8243; css_animation=&#8220;right-t-left&#8220; animation_delay=&#8220;300&#8243; width=&#8220;5\/6&#8243; uncode_shortcode_id=&#8220;125055&#8243;][vc_custom_heading heading_semantic=&#8220;p&#8220; text_size=&#8220;h3&#8243; text_weight=&#8220;400&#8243; uncode_shortcode_id=&#8220;609600&#8243;]<a style=\"color: #ffffff !important;\" href=\"mailto:info@pagestreet.de\">info@pagestreet.de<\/a>[\/vc_custom_heading][\/vc_column_inner][\/vc_row_inner][vc_row_inner limit_content=&#8220;&#8220;][vc_column_inner column_width_percent=&#8220;100&#8243; position_vertical=&#8220;middle&#8220; gutter_size=&#8220;3&#8243; style=&#8220;dark&#8220; overlay_alpha=&#8220;50&#8243; shift_x=&#8220;0&#8243; shift_y=&#8220;0&#8243; shift_y_down=&#8220;0&#8243; z_index=&#8220;0&#8243; medium_width=&#8220;2&#8243; align_mobile=&#8220;align_center_mobile&#8220; mobile_width=&#8220;2&#8243; css_animation=&#8220;right-t-left&#8220; animation_delay=&#8220;400&#8243; width=&#8220;1\/6&#8243; uncode_shortcode_id=&#8220;125276&#8243;][vc_icon icon=&#8220;fa fa-clock3&#8243; size=&#8220;fa-2x&#8220; uncode_shortcode_id=&#8220;175908&#8243;][\/vc_icon][\/vc_column_inner][vc_column_inner column_width_percent=&#8220;100&#8243; position_vertical=&#8220;middle&#8220; gutter_size=&#8220;3&#8243; style=&#8220;dark&#8220; overlay_alpha=&#8220;50&#8243; shift_x=&#8220;0&#8243; shift_y=&#8220;0&#8243; shift_y_down=&#8220;0&#8243; z_index=&#8220;0&#8243; medium_width=&#8220;6&#8243; align_mobile=&#8220;align_left_mobile&#8220; mobile_width=&#8220;6&#8243; css_animation=&#8220;right-t-left&#8220; animation_delay=&#8220;400&#8243; width=&#8220;5\/6&#8243; uncode_shortcode_id=&#8220;721735&#8243;][vc_custom_heading heading_semantic=&#8220;p&#8220; text_size=&#8220;h3&#8243; text_weight=&#8220;400&#8243; uncode_shortcode_id=&#8220;167315&#8243;]Mo\u2013Fr: <span style=\"white-space: nowrap;\">09:00\u201318:00<\/span>[\/vc_custom_heading][\/vc_column_inner][\/vc_row_inner][\/vc_column][vc_column column_width_percent=&#8220;100&#8243; position_vertical=&#8220;middle&#8220; gutter_size=&#8220;0&#8243; override_padding=&#8220;yes&#8220; column_padding=&#8220;0&#8243; back_color=&#8220;color-xsdn&#8220; overlay_alpha=&#8220;50&#8243; shadow=&#8220;lg&#8220; shift_x=&#8220;0&#8243; shift_y=&#8220;0&#8243; shift_y_down=&#8220;0&#8243; z_index=&#8220;0&#8243; medium_width=&#8220;4&#8243; mobile_width=&#8220;0&#8243; css_animation=&#8220;alpha-anim&#8220; animation_delay=&#8220;200&#8243; width=&#8220;1\/2&#8243; uncode_shortcode_id=&#8220;993937&#8243; back_color_type=&#8220;uncode-palette&#8220; css=&#8220;.vc_custom_1715694122937{padding-bottom: 18px !important;}&#8220;][vc_single_image media=&#8220;108838&#8243; media_width_use_pixel=&#8220;yes&#8220; uncode_shortcode_id=&#8220;103263&#8243; media_width_pixel=&#8220;104&#8243; el_class=&#8220;grid-top-left&#8220;][vc_raw_html]JTNDZGl2JTIwZGF0YS10Zi13aWRnZXQlM0QlMjJYRjVyQlFZaSUyMiUyMGRhdGEtdGYtaWZyYW1lLXByb3BzJTNEJTIydGl0bGUlM0RLb250YWt0LUZvcm11bGFyJTIwcGFnZXN0cmVldC5kZSUyMiUyMGRhdGEtdGYtbWVkaXVtJTNEJTIyc25pcHBldCUyMiUyMHN0eWxlJTNEJTIyd2lkdGglM0ExMDAlMjUlM0JoZWlnaHQlM0E0NzBweCUzQiUyMiUzRSUzQyUyRmRpdiUzRSUzQ3NjcmlwdCUyMHR5cGUlM0QlMjJ0ZXh0JTJGcGxhaW4lMjIlMjBkYXRhLXVzZXJjZW50cmljcyUzRCUyMlR5cGVmb3JtJTIyJTIwc3JjJTNEJTIyJTJGJTJGZW1iZWQudHlwZWZvcm0uY29tJTJGbmV4dCUyRmVtYmVkLmpzJTIyJTIwYXN5bmMlMjBkZWZlciUzRSUzQyUyRnNjcmlwdCUzRQ==[\/vc_raw_html][\/vc_column][\/vc_row][vc_row unlock_row_content=&#8220;yes&#8220; row_height_percent=&#8220;0&#8243; override_padding=&#8220;yes&#8220; h_padding=&#8220;0&#8243; top_padding=&#8220;0&#8243; bottom_padding=&#8220;0&#8243; overlay_alpha=&#8220;50&#8243; gutter_size=&#8220;3&#8243; column_width_percent=&#8220;100&#8243; shift_y=&#8220;0&#8243; z_index=&#8220;0&#8243; uncode_shortcode_id=&#8220;188780&#8243;][vc_column width=&#8220;1\/1&#8243;][uncode_block id=&#8220;105445&#8243;][\/vc_column][\/vc_row][vc_row row_height_percent=&#8220;0&#8243; override_padding=&#8220;yes&#8220; h_padding=&#8220;2&#8243; top_padding=&#8220;0&#8243; bottom_padding=&#8220;0&#8243; back_color=&#8220;color-xsdn&#8220; overlay_alpha=&#8220;70&#8243; gutter_size=&#8220;3&#8243; column_width_percent=&#8220;100&#8243; shift_y=&#8220;0&#8243; z_index=&#8220;0&#8243; uncode_shortcode_id=&#8220;151566&#8243; back_color_type=&#8220;uncode-palette&#8220; row_name=&#8220;arbeitsweise&#8220;][vc_column width=&#8220;1\/1&#8243;][vc_custom_heading text_size=&#8220;&#8220; uncode_shortcode_id=&#8220;796465&#8243;]Ihre Ansprechpersonen[\/vc_custom_heading][\/vc_column][\/vc_row][vc_row row_height_percent=&#8220;0&#8243; override_padding=&#8220;yes&#8220; h_padding=&#8220;2&#8243; top_padding=&#8220;2&#8243; bottom_padding=&#8220;4&#8243; overlay_alpha=&#8220;50&#8243; equal_height=&#8220;yes&#8220; gutter_size=&#8220;3&#8243; column_width_percent=&#8220;100&#8243; shift_y=&#8220;0&#8243; z_index=&#8220;0&#8243; content_parallax=&#8220;0&#8243; uncode_shortcode_id=&#8220;149243&#8243;][vc_column column_width_percent=&#8220;100&#8243; gutter_size=&#8220;0&#8243; override_padding=&#8220;yes&#8220; column_padding=&#8220;0&#8243; expand_height=&#8220;yes&#8220; back_color=&#8220;color-lxmt&#8220; overlay_alpha=&#8220;40&#8243; shift_x=&#8220;0&#8243; shift_y=&#8220;0&#8243; shift_y_down=&#8220;0&#8243; z_index=&#8220;0&#8243; medium_width=&#8220;3&#8243; mobile_width=&#8220;0&#8243; css_animation=&#8220;alpha-anim&#8220; animation_delay=&#8220;200&#8243; width=&#8220;1\/4&#8243; uncode_shortcode_id=&#8220;897870&#8243; back_color_type=&#8220;uncode-palette&#8220;][vc_single_image media=&#8220;115161&#8243; media_width_percent=&#8220;100&#8243; media_ratio=&#8220;one-one&#8220; uncode_shortcode_id=&#8220;616001&#8243; el_class=&#8220;blend-mode-multiply&#8220;][vc_row_inner limit_content=&#8220;&#8220;][vc_column_inner column_width_percent=&#8220;100&#8243; gutter_size=&#8220;3&#8243; overlay_alpha=&#8220;50&#8243; shift_x=&#8220;0&#8243; shift_y=&#8220;0&#8243; shift_y_down=&#8220;0&#8243; z_index=&#8220;0&#8243; medium_width=&#8220;0&#8243; mobile_width=&#8220;0&#8243; width=&#8220;1\/1&#8243; uncode_shortcode_id=&#8220;164974&#8243; css=&#8220;.vc_custom_1645191388922{padding-top: 36px !important;padding-right: 36px !important;padding-bottom: 36px !important;padding-left: 36px !important;}&#8220;][vc_custom_heading heading_semantic=&#8220;p&#8220; text_size=&#8220;h3&#8243; uncode_shortcode_id=&#8220;129959&#8243; subheading=&#8220;COO&#8220;]Marlena[\/vc_custom_heading][\/vc_column_inner][\/vc_row_inner][\/vc_column][vc_column column_width_percent=&#8220;100&#8243; gutter_size=&#8220;0&#8243; override_padding=&#8220;yes&#8220; column_padding=&#8220;0&#8243; back_color=&#8220;color-lxmt&#8220; overlay_alpha=&#8220;50&#8243; shift_x=&#8220;0&#8243; shift_y=&#8220;0&#8243; shift_y_down=&#8220;0&#8243; z_index=&#8220;0&#8243; medium_width=&#8220;0&#8243; mobile_width=&#8220;0&#8243; width=&#8220;1\/4&#8243; uncode_shortcode_id=&#8220;546521&#8243; back_color_type=&#8220;uncode-palette&#8220;][vc_single_image media=&#8220;110772&#8243; media_width_percent=&#8220;100&#8243; media_ratio=&#8220;one-one&#8220; uncode_shortcode_id=&#8220;529193&#8243; el_class=&#8220;blend-mode-multiply&#8220;][vc_row_inner limit_content=&#8220;&#8220;][vc_column_inner column_width_percent=&#8220;100&#8243; gutter_size=&#8220;3&#8243; overlay_alpha=&#8220;50&#8243; shift_x=&#8220;0&#8243; shift_y=&#8220;0&#8243; shift_y_down=&#8220;0&#8243; z_index=&#8220;0&#8243; medium_width=&#8220;0&#8243; mobile_width=&#8220;0&#8243; width=&#8220;1\/1&#8243; uncode_shortcode_id=&#8220;164739&#8243; css=&#8220;.vc_custom_1646305647184{padding-top: 36px !important;padding-right: 36px !important;padding-bottom: 36px !important;padding-left: 36px !important;}&#8220;][vc_custom_heading heading_semantic=&#8220;p&#8220; text_size=&#8220;h3&#8243; uncode_shortcode_id=&#8220;206495&#8243; subheading=&#8220;Leitung Corporate Structure&#8220;]Anna[\/vc_custom_heading][\/vc_column_inner][\/vc_row_inner][\/vc_column][vc_column column_width_percent=&#8220;100&#8243; gutter_size=&#8220;0&#8243; override_padding=&#8220;yes&#8220; column_padding=&#8220;0&#8243; expand_height=&#8220;yes&#8220; back_color=&#8220;color-lxmt&#8220; overlay_alpha=&#8220;0&#8243; shift_x=&#8220;0&#8243; shift_y=&#8220;0&#8243; shift_y_down=&#8220;0&#8243; z_index=&#8220;0&#8243; medium_width=&#8220;3&#8243; mobile_width=&#8220;0&#8243; css_animation=&#8220;alpha-anim&#8220; animation_delay=&#8220;100&#8243; width=&#8220;1\/4&#8243; uncode_shortcode_id=&#8220;133654&#8243; back_color_type=&#8220;uncode-palette&#8220;][vc_single_image media=&#8220;115127&#8243; media_width_percent=&#8220;100&#8243; media_ratio=&#8220;one-one&#8220; uncode_shortcode_id=&#8220;182843&#8243; el_class=&#8220;blend-mode-multiply&#8220;][vc_row_inner limit_content=&#8220;&#8220;][vc_column_inner column_width_percent=&#8220;100&#8243; gutter_size=&#8220;3&#8243; overlay_alpha=&#8220;50&#8243; shift_x=&#8220;0&#8243; shift_y=&#8220;0&#8243; shift_y_down=&#8220;0&#8243; z_index=&#8220;0&#8243; medium_width=&#8220;0&#8243; mobile_width=&#8220;0&#8243; width=&#8220;1\/1&#8243; uncode_shortcode_id=&#8220;164974&#8243; css=&#8220;.vc_custom_1645191388922{padding-top: 36px !important;padding-right: 36px !important;padding-bottom: 36px !important;padding-left: 36px !important;}&#8220;][vc_custom_heading heading_semantic=&#8220;p&#8220; text_size=&#8220;h3&#8243; uncode_shortcode_id=&#8220;311126&#8243; subheading=&#8220;Recruiting&#8220;]Lea[\/vc_custom_heading][\/vc_column_inner][\/vc_row_inner][\/vc_column][vc_column column_width_percent=&#8220;100&#8243; gutter_size=&#8220;0&#8243; override_padding=&#8220;yes&#8220; column_padding=&#8220;0&#8243; back_color=&#8220;color-lxmt&#8220; overlay_alpha=&#8220;50&#8243; shift_x=&#8220;0&#8243; shift_y=&#8220;0&#8243; shift_y_down=&#8220;0&#8243; z_index=&#8220;0&#8243; medium_width=&#8220;0&#8243; mobile_width=&#8220;0&#8243; width=&#8220;1\/4&#8243; uncode_shortcode_id=&#8220;144329&#8243; back_color_type=&#8220;uncode-palette&#8220;][vc_single_image media=&#8220;111392&#8243; media_width_percent=&#8220;100&#8243; media_ratio=&#8220;one-one&#8220; uncode_shortcode_id=&#8220;468703&#8243; el_class=&#8220;blend-mode-multiply&#8220;][vc_row_inner limit_content=&#8220;&#8220;][vc_column_inner column_width_percent=&#8220;100&#8243; gutter_size=&#8220;3&#8243; overlay_alpha=&#8220;50&#8243; shift_x=&#8220;0&#8243; shift_y=&#8220;0&#8243; shift_y_down=&#8220;0&#8243; z_index=&#8220;0&#8243; medium_width=&#8220;0&#8243; mobile_width=&#8220;0&#8243; width=&#8220;1\/1&#8243; uncode_shortcode_id=&#8220;164974&#8243; css=&#8220;.vc_custom_1645191388922{padding-top: 36px !important;padding-right: 36px !important;padding-bottom: 36px !important;padding-left: 36px !important;}&#8220;][vc_custom_heading heading_semantic=&#8220;p&#8220; text_size=&#8220;h3&#8243; uncode_shortcode_id=&#8220;156886&#8243; subheading=&#8220;Webdesign&#8220;]Sophie[\/vc_custom_heading][\/vc_column_inner][\/vc_row_inner][\/vc_column][\/vc_row][vc_row row_height_percent=&#8220;0&#8243; override_padding=&#8220;yes&#8220; h_padding=&#8220;2&#8243; top_padding=&#8220;5&#8243; bottom_padding=&#8220;5&#8243; back_color=&#8220;color-438240&#8243; overlay_alpha=&#8220;50&#8243; gutter_size=&#8220;4&#8243; column_width_percent=&#8220;100&#8243; shift_y=&#8220;0&#8243; z_index=&#8220;0&#8243; inverted_device_order=&#8220;yes&#8220; uncode_shortcode_id=&#8220;115154&#8243; row_name=&#8220;framework&#8220; back_color_type=&#8220;uncode-palette&#8220;][vc_column column_width_percent=&#8220;100&#8243; position_horizontal=&#8220;left&#8220; position_vertical=&#8220;middle&#8220; gutter_size=&#8220;3&#8243; overlay_alpha=&#8220;50&#8243; shift_x=&#8220;0&#8243; shift_y=&#8220;0&#8243; shift_y_down=&#8220;0&#8243; z_index=&#8220;0&#8243; medium_width=&#8220;4&#8243; mobile_width=&#8220;0&#8243; width=&#8220;2\/3&#8243; uncode_shortcode_id=&#8220;133353&#8243;][vc_custom_heading text_size=&#8220;&#8220; uncode_shortcode_id=&#8220;768098&#8243;]Kundensupport[\/vc_custom_heading][vc_column_text uncode_shortcode_id=&#8220;122300&#8243;]Ein Unternehmen ist nur dann wertvoll, wenn es einen sehr guten Service am Kunden bietet. Daher k\u00f6nnen Sie sich in diesem Bereich auf uns verlassen. Es gibt f\u00fcr alle unsere Kunden die M\u00f6glichkeit an <a href=\"mailto:support@pagestreet.de\"><strong>support@pagestreet.de<\/strong><\/a> ein Ticket mit der gew\u00fcnschten Umsetzung zu senden, oder uns anzurufen.<\/p>\n<p>Erfahren Sie auf unserer Support Seite weitere Details. Dort finden Sie au\u00dferdem hilfreiche Informationen und die Login Links f\u00fcr die Website und E-Mails.[\/vc_column_text][vc_button button_color=&#8220;color-901328&#8243; border_width=&#8220;0&#8243; link=&#8220;url:http%3A%2F%2Fpagestreet.com%2Fsupport%2F|title:Support&#8220; button_color_type=&#8220;uncode-palette&#8220; uncode_shortcode_id=&#8220;532496&#8243;]Zur Support-Seite[\/vc_button][\/vc_column][vc_column column_width_percent=&#8220;100&#8243; gutter_size=&#8220;3&#8243; expand_height=&#8220;yes&#8220; back_image=&#8220;105946&#8243; overlay_alpha=&#8220;50&#8243; shadow=&#8220;std&#8220; shift_x=&#8220;0&#8243; shift_y=&#8220;0&#8243; shift_y_down=&#8220;0&#8243; z_index=&#8220;0&#8243; medium_width=&#8220;4&#8243; mobile_width=&#8220;0&#8243; css_animation=&#8220;alpha-anim&#8220; width=&#8220;1\/3&#8243; uncode_shortcode_id=&#8220;999851&#8243;][vc_single_image media=&#8220;104988&#8243; media_width_use_pixel=&#8220;yes&#8220; uncode_shortcode_id=&#8220;745768&#8243; media_width_pixel=&#8220;104&#8243; el_class=&#8220;grid-top-left&#8220;][vc_empty_space empty_h=&#8220;5&#8243;][\/vc_column][\/vc_row][vc_row row_height_percent=&#8220;0&#8243; override_padding=&#8220;yes&#8220; h_padding=&#8220;2&#8243; top_padding=&#8220;4&#8243; bottom_padding=&#8220;4&#8243; overlay_alpha=&#8220;50&#8243; equal_height=&#8220;yes&#8220; gutter_size=&#8220;0&#8243; column_width_percent=&#8220;100&#8243; shift_y=&#8220;0&#8243; z_index=&#8220;0&#8243; content_parallax=&#8220;0&#8243; uncode_shortcode_id=&#8220;170439&#8243; el_id=&#8220;newsletter&#8220;][vc_column column_width_percent=&#8220;100&#8243; gutter_size=&#8220;3&#8243; override_padding=&#8220;yes&#8220; column_padding=&#8220;2&#8243; back_color=&#8220;color-jevc&#8220; overlay_alpha=&#8220;50&#8243; shift_x=&#8220;0&#8243; shift_y=&#8220;0&#8243; shift_y_down=&#8220;0&#8243; z_index=&#8220;0&#8243; medium_width=&#8220;0&#8243; mobile_width=&#8220;0&#8243; width=&#8220;1\/2&#8243; uncode_shortcode_id=&#8220;106811&#8243; back_color_type=&#8220;uncode-palette&#8220;][vc_custom_heading text_color=&#8220;color-xsdn&#8220; uncode_shortcode_id=&#8220;132756&#8243; text_color_type=&#8220;uncode-palette&#8220;]Newsletter abonnieren[\/vc_custom_heading][vc_column_text text_color=&#8220;color-xsdn&#8220; uncode_shortcode_id=&#8220;185556&#8243; text_color_type=&#8220;uncode-palette&#8220;]Melden Sie sich an, um regelm\u00e4\u00dfig aktuelle Informationen zu neuen F\u00f6rderprogrammen, Zusch\u00fcssen und steuerlichen Vorteilen zu erhalten. Wir informieren \u00fcber Entwicklungen in den Bereichen Energie- und Effizienzf\u00f6rderung, Datenschutz- und IT-F\u00f6rderungen sowie Finanzierungsm\u00f6glichkeiten f\u00fcr Unternehmen und Selbstst\u00e4ndige.<\/p>\n<p>Sie erhalten ausschlie\u00dflich relevante Updates, Praxisbeispiele und wichtige Fristen \u2013 kompakt und verst\u00e4ndlich aufbereitet.<\/p>\n<p>Tragen Sie sich ein, um keine Chancen mehr zu verpassen.[\/vc_column_text][\/vc_column][vc_column width=&#8220;1\/2&#8243;][vc_raw_html]JTNDZ2V0cmVzcG9uc2UtZm9ybSUyMGZvcm0taWQlM0QlMjJmNDU5MjI1ZS00NTZjLTQ0NmEtYTYwOC1hNWM0YWE3ZDNlYmYlMjIlMjBlJTNEJTIyMCUyMiUzRSUzQyUyRmdldHJlc3BvbnNlLWZvcm0lM0U=[\/vc_raw_html][\/vc_column][\/vc_row]<\/p>\n<\/div>","protected":false},"excerpt":{"rendered":"<p>[vc_row row_height_percent=&#8220;0&#8243; override_padding=&#8220;yes&#8220; h_padding=&#8220;2&#8243; top_padding=&#8220;5&#8243; bottom_padding=&#8220;5&#8243; back_color=&#8220;color-jevc&#8220; back_image=&#8220;108873&#8243; back_repeat=&#8220;no-repeat&#8220; back_attachment=&#8220;scroll&#8220; back_position=&#8220;center bottom&#8220; kburns=&#8220;zoom&#8220; overlay_alpha=&#8220;0&#8243; gutter_size=&#8220;4&#8243; column_width_percent=&#8220;100&#8243; shift_y=&#8220;0&#8243; z_index=&#8220;0&#8243; top_divider=&#8220;tilt&#8220; bottom_divider=&#8220;tilt&#8220; [&hellip;]<\/p>\n","protected":false},"author":2,"featured_media":0,"parent":0,"menu_order":0,"comment_status":"closed","ping_status":"closed","template":"","meta":{"footnotes":""},"class_list":["post-104427","page","type-page","status-publish","hentry"],"_links":{"self":[{"href":"https:\/\/pagestreet.com\/de\/wp-json\/wp\/v2\/pages\/104427","targetHints":{"allow":["GET"]}}],"collection":[{"href":"https:\/\/pagestreet.com\/de\/wp-json\/wp\/v2\/pages"}],"about":[{"href":"https:\/\/pagestreet.com\/de\/wp-json\/wp\/v2\/types\/page"}],"author":[{"embeddable":true,"href":"https:\/\/pagestreet.com\/de\/wp-json\/wp\/v2\/users\/2"}],"replies":[{"embeddable":true,"href":"https:\/\/pagestreet.com\/de\/wp-json\/wp\/v2\/comments?post=104427"}],"version-history":[{"count":10,"href":"https:\/\/pagestreet.com\/de\/wp-json\/wp\/v2\/pages\/104427\/revisions"}],"predecessor-version":[{"id":115538,"href":"https:\/\/pagestreet.com\/de\/wp-json\/wp\/v2\/pages\/104427\/revisions\/115538"}],"wp:attachment":[{"href":"https:\/\/pagestreet.com\/de\/wp-json\/wp\/v2\/media?parent=104427"}],"curies":[{"name":"wp","href":"https:\/\/api.w.org\/{rel}","templated":true}]}}